{"id":652,"date":"2016-08-04T16:13:58","date_gmt":"2016-08-04T16:13:58","guid":{"rendered":"http:\/\/ciedesogres.com\/wdp1\/?page_id=652"},"modified":"2019-04-08T10:46:33","modified_gmt":"2019-04-08T10:46:33","slug":"remi-billardon","status":"publish","type":"page","link":"https:\/\/ciedesogres.com\/wdp1\/remi-billardon\/","title":{"rendered":"<p style=\"text-align: center;\">R\u00e9mi Billardon<\/p>"},"content":{"rendered":"<p style=\"text-align: justify;\"><img loading=\"lazy\" decoding=\"async\" class=\"aligncenter wp-image-1468 size-medium\" src=\"https:\/\/ciedesogres.com\/wdp1\/wp-content\/uploads\/2019\/04\/R\u00e9mi-Billardon-2-300x300.jpg\" alt=\"\" width=\"300\" height=\"300\" \/><\/p>\n<p style=\"text-align: justify;\">Compositeur autodidacte, form\u00e9 en 2013 \u00e0 l&rsquo;ISTS d&rsquo;Avignon aux techniques de la cr\u00e9ation sonore, il a depuis toujours cherch\u00e9 \u00e0 s&rsquo;\u00e9loigner de l&rsquo;\u00e9criture musicale stricte pour se rapprocher d&rsquo;une dramaturgie sonore plus sensible et organique. Influenc\u00e9 par les \u00e9crits de John Cage, il en tire un certain go\u00fbt pour l&rsquo;accident, le hasard et l&rsquo;importance d&rsquo;\u00e9couter, la musique n&rsquo;\u00e9tant finalement qu&rsquo;une partie du vaste domaine sonore.<\/p>\n<p style=\"text-align: justify;\">Il\u00a0\u00a0 travaille\u00a0\u00a0 autours\u00a0\u00a0 de\u00a0\u00a0 techniques\u00a0\u00a0 mixtes (guitares, clavier, cr\u00e9ation num\u00e9rique, sons concrets) afin d&rsquo;en d\u00e9gager des univers fragiles, parfois complexes. Des collages o\u00f9 les sons bruts du post rock croisent les plages de\u00a0\u00a0 la\u00a0\u00a0 musique\u00a0\u00a0 contemporaine, influenc\u00e9s\u00a0\u00a0 \u00e9galement\u00a0\u00a0 par\u00a0\u00a0 les\u00a0\u00a0 cultures urbaines et digitales.\u00a0 Il offre ainsi la travers\u00e9e d&rsquo;un paysage sonore immersif con\u00e7u par le m\u00e9lange de diff\u00e9rents processus telle que le ready made cher \u00e0 Duchamp, le cut-up des \u00e9crivains beat, la r\u00e9p\u00e9tition et la pulsation propre \u00e0 Steeve Reich ou encore les progressions musicales pr\u00e9sentes chez Sonic Youth ou Mogwai.<\/p>\n<p style=\"text-align: justify;\">Ces travaux ont d\u00e9j\u00e0 \u00e9t\u00e9 pr\u00e9sent\u00e9 sous diff\u00e9rentes formes aussi bien pour le spectacle vivant, des installations plastiques, ou encore pour des jeux vid\u00e9o. Il travaille \u00e9galement \u00e0 la recherche autour de la diffusion du son dans l&rsquo;espace qu&rsquo;il soit monophonique, st\u00e9r\u00e9ophonique ou multi-diffus\u00e9.<\/p>\n<p style=\"text-align: justify;\"><a href=\"https:\/\/soundcloud.com\/rm-bllrdn\" target=\"_blank\" rel=\"noopener\">SOUNDCLOUD de R\u00e9mi Billardon<\/a><\/p><\/p>\n","protected":false},"excerpt":{"rendered":"<p>Compositeur autodidacte, form\u00e9 en 2013 \u00e0 l&rsquo;ISTS d&rsquo;Avignon aux techniques de la cr\u00e9ation sonore, il a depuis toujours cherch\u00e9 \u00e0 s&rsquo;\u00e9loigner de l&rsquo;\u00e9criture musicale stricte pour se rapprocher d&rsquo;une dramaturgie sonore plus sensible et organique. Influenc\u00e9 par les \u00e9crits de John Cage, il en tire un certain go\u00fbt pour l&rsquo;accident, le hasard et l&rsquo;importance d&rsquo;\u00e9couter, &hellip; <a href=\"https:\/\/ciedesogres.com\/wdp1\/remi-billardon\/\" class=\"more-link\">Continuer la lecture de <span class=\"screen-reader-text\"><\/p>\n<p style=\"text-align: center;\">R\u00e9mi Billardon<\/p>\n<p><\/span>  <span class=\"meta-nav\">&rarr;<\/span><\/a><\/p>\n","protected":false},"author":1,"featured_media":0,"parent":0,"menu_order":0,"comment_status":"closed","ping_status":"closed","template":"","meta":{"footnotes":""},"class_list":["post-652","page","type-page","status-publish","hentry"],"_links":{"self":[{"href":"https:\/\/ciedesogres.com\/wdp1\/wp-json\/wp\/v2\/pages\/652","targetHints":{"allow":["GET"]}}],"collection":[{"href":"https:\/\/ciedesogres.com\/wdp1\/wp-json\/wp\/v2\/pages"}],"about":[{"href":"https:\/\/ciedesogres.com\/wdp1\/wp-json\/wp\/v2\/types\/page"}],"author":[{"embeddable":true,"href":"https:\/\/ciedesogres.com\/wdp1\/wp-json\/wp\/v2\/users\/1"}],"replies":[{"embeddable":true,"href":"https:\/\/ciedesogres.com\/wdp1\/wp-json\/wp\/v2\/comments?post=652"}],"version-history":[{"count":2,"href":"https:\/\/ciedesogres.com\/wdp1\/wp-json\/wp\/v2\/pages\/652\/revisions"}],"predecessor-version":[{"id":1469,"href":"https:\/\/ciedesogres.com\/wdp1\/wp-json\/wp\/v2\/pages\/652\/revisions\/1469"}],"wp:attachment":[{"href":"https:\/\/ciedesogres.com\/wdp1\/wp-json\/wp\/v2\/media?parent=652"}],"curies":[{"name":"wp","href":"https:\/\/api.w.org\/{rel}","templated":true}]}}