{"id":63,"date":"2015-09-22T13:38:51","date_gmt":"2015-09-22T13:38:51","guid":{"rendered":"http:\/\/ciedesogres.com\/wdp1\/?page_id=63"},"modified":"2019-09-22T09:23:51","modified_gmt":"2019-09-22T09:23:51","slug":"le-spectacle","status":"publish","type":"page","link":"https:\/\/ciedesogres.com\/wdp1\/le-spectacle\/","title":{"rendered":"Note d&rsquo;Intention"},"content":{"rendered":"\n<p><span style=\"font-size: 20px;\"><strong>OGRES<\/strong><\/span><\/p>\n\n\n\n<div class=\"wp-block-image wp-image-867 size-full\"><figure class=\"aligncenter\"><img loading=\"lazy\" decoding=\"async\" width=\"5760\" height=\"3840\" src=\"https:\/\/ciedesogres.com\/wdp1\/wp-content\/uploads\/2016\/01\/OGRES-2.jpg\" alt=\"\" class=\"wp-image-867\" srcset=\"https:\/\/ciedesogres.com\/wdp1\/wp-content\/uploads\/2016\/01\/OGRES-2.jpg 5760w, https:\/\/ciedesogres.com\/wdp1\/wp-content\/uploads\/2016\/01\/OGRES-2-300x200.jpg 300w, https:\/\/ciedesogres.com\/wdp1\/wp-content\/uploads\/2016\/01\/OGRES-2-768x512.jpg 768w, https:\/\/ciedesogres.com\/wdp1\/wp-content\/uploads\/2016\/01\/OGRES-2-1024x683.jpg 1024w\" sizes=\"auto, (max-width: 5760px) 100vw, 5760px\" \/><figcaption>cr\u00e9dit photo : Geoffrey Fages<\/figcaption><\/figure><\/div>\n\n\n\n<p>\u00ab\u00a028 sc\u00e8nes, 14 destinations, plusieurs temporalit\u00e9s et une trentaine de personnages pour un ensemble de 5 acteurs, permettant de faire entendre des points de vue diff\u00e9rents et subjectifs (ceux des victimes, des agresseurs, des familles, des t\u00e9moins&#8230;) qui, r\u00e9unis dans un espace commun, parviennent \u00e0 former une parole chorale.<\/p>\n\n\n\n<p>Depuis 2010, je mets en sc\u00e8ne des fables qui traitent de questions de soci\u00e9t\u00e9, de sujets politiques et sociaux, afin d&rsquo;interroger les notions de normes sociales, d\u2019identit\u00e9 et de libert\u00e9. Venant d\u2019un pays, la Roumanie, qui a v\u00e9cu pendant plusieurs d\u00e9cennies sous un r\u00e9gime dictatorial, j&rsquo;appartiens \u00e0 la g\u00e9n\u00e9ration qui s&rsquo;est construite sur la chute de ce syst\u00e8me et qui en porte l&rsquo;h\u00e9ritage : un carcan id\u00e9ologique qui imposait une pens\u00e9e unique.<\/p>\n\n\n\n<p>De fait, ma d\u00e9marche artistique est de donner voix \u00e0 des individus anonymes, des non-h\u00e9ros qui n\u2019appartiennent pas \u00e0 la majorit\u00e9 et qui n\u2019adh\u00e8rent pas \u00e0 la \u00ab culture dominante \u00bb. Je souhaite construire un th\u00e9\u00e2tre ouvert aux voix minoritaires, \u00e0 ce qui est en marge, aux r\u00e9voltes contre des syst\u00e8mes qui oppriment nos initiatives afin d&rsquo;affirmer notre libert\u00e9 d&rsquo;expression. J\u2019ai souhait\u00e9 que ce spectacle devienne un manifeste pour la libert\u00e9 et cr\u00e9er ainsi un dialogue sinc\u00e8re avec le spectateur permettant \u00e0 la catharsis de s&rsquo;op\u00e9rer.<\/p>\n\n\n\n<p><em>Ogres <\/em>ouvre \u00e0 un monde fantastique dans lequel les personnages cherchent leur identit\u00e9 individuelle et sociale. J&rsquo;ai eu le d\u00e9sir de situer <em>Ogres<\/em> dans l&rsquo;espace de la for\u00eat : lieu de l&rsquo;agression de Benjamin, mais aussi espace symbolique du conte, des peurs et des interdits. \u00c9galement espace-jungle, o\u00f9 l&rsquo;individu se perd et est livr\u00e9 \u00e0 lui-m\u00eame, lieu de solitude mais aussi \u00e9chappatoire possible. Cet espace de la for\u00eat unie toutes ces histoires, tous ces pays, et leur donner une r\u00e9sonance universelle. Donner \u00e0 \u00e9couter et \u00e0 entendre ce qu&rsquo;il se passe, inviter le spectateur \u00e0 pr\u00eater l&rsquo;oreille : c&rsquo;est aussi l&rsquo;histoire de gens qui ne parlent pas, qui taisent leurs douleurs.<\/p>\n\n\n\n<p>J\u2019ai souhait\u00e9 jouer sur des plans qui se croisent, faire coexister des situations ou univers apparemment oppos\u00e9s : introduire le spectateur dans des zones de turbulences, de troubles, et questionner ce qui est repr\u00e9sent\u00e9 sur sc\u00e8ne, activer le regard critique du spectateur, interroger ainsi nos normes et nos valeurs, nos repr\u00e9sentations. Donner une forme de spectacle de \u00ab\u00a0reconstitution\u00a0\u00bb afin de mieux d\u00e9construire la pens\u00e9e ais\u00e9e.<\/p>\n\n\n\n<p><em>Ogres <\/em>est un conte sur l&rsquo;urgence de faire preuve d&rsquo;une plus grande ouverture face aux minorit\u00e9s, une proposition de casser les murs entre les territoires pour aller vers l\u2019inconnu, l\u2019accepter, l\u2019approcher. <a href=\"https:\/\/ciedesogres.com\/wdp1\/yann-verburgh\/\" target=\"_blank\" rel=\"noopener\">Yann Verburgh<\/a>&nbsp;nous propose une introspection au c\u0153ur de notre for(\u00eat) int\u00e9rieur(e), endroit inond\u00e9 par des pr\u00e9jug\u00e9s, des sch\u00e9mas et des \u00ab ogres \u00bb qui prennent le pouvoir sur nous. Ces histoires nous invitent \u00e0 creuser dans notre sensible, vers une meilleure \u00e9coute et appr\u00e9hension de nos proches, indiff\u00e9remment de leur orientation sexuelle.\u00a0\u00bb<\/p>\n\n\n\n<p>Eugen Jebeleanu<\/p>\n\n\n\n<p><span style=\"border-radius: 2px; text-indent: 20px; width: auto; padding: 0px 4px 0px 0px; text-align: center; font: bold 11px\/20px 'Helvetica Neue',Helvetica,sans-serif; color: #ffffff; background: #bd081c no-repeat scroll 3px 50% \/ 14px 14px; position: absolute; opacity: 1; z-index: 8675309; display: none; cursor: pointer; top: 27px; left: 20px;\">Enregistrer<\/span><\/p>\n\n\n\n<p><span style=\"border-radius: 2px; text-indent: 20px; width: auto; padding: 0px 4px 0px 0px; text-align: center; font: bold 11px\/20px 'Helvetica Neue',Helvetica,sans-serif; color: #ffffff; background: #bd081c no-repeat scroll 3px 50% \/ 14px 14px; position: absolute; opacity: 1; z-index: 8675309; display: none; cursor: pointer; top: 27px; left: 20px;\">Enregistrer<\/span><\/p>\n\n\n\n<p><span style=\"border-radius: 2px; text-indent: 20px; width: auto; padding: 0px 4px 0px 0px; text-align: center; font: bold 11px\/20px 'Helvetica Neue',Helvetica,sans-serif; color: #ffffff; background: #bd081c  no-repeat scroll 3px 50% \/ 14px 14px; position: absolute; opacity: 1; z-index: 8675309; display: none; cursor: pointer; top: 27px; left: 20px;\">Enregistrer<\/span><\/p>\n","protected":false},"excerpt":{"rendered":"<p>OGRES \u00ab\u00a028 sc\u00e8nes, 14 destinations, plusieurs temporalit\u00e9s et une trentaine de personnages pour un ensemble de 5 acteurs, permettant de faire entendre des points de vue diff\u00e9rents et subjectifs (ceux des victimes, des agresseurs, des familles, des t\u00e9moins&#8230;) qui, r\u00e9unis dans un espace commun, parviennent \u00e0 former une parole chorale. Depuis 2010, je mets en &hellip; <a href=\"https:\/\/ciedesogres.com\/wdp1\/le-spectacle\/\" class=\"more-link\">Continuer la lecture de <span class=\"screen-reader-text\">Note d&rsquo;Intention<\/span>  <span class=\"meta-nav\">&rarr;<\/span><\/a><\/p>\n","protected":false},"author":1,"featured_media":0,"parent":0,"menu_order":0,"comment_status":"closed","ping_status":"closed","template":"","meta":{"footnotes":""},"class_list":["post-63","page","type-page","status-publish","hentry"],"_links":{"self":[{"href":"https:\/\/ciedesogres.com\/wdp1\/wp-json\/wp\/v2\/pages\/63","targetHints":{"allow":["GET"]}}],"collection":[{"href":"https:\/\/ciedesogres.com\/wdp1\/wp-json\/wp\/v2\/pages"}],"about":[{"href":"https:\/\/ciedesogres.com\/wdp1\/wp-json\/wp\/v2\/types\/page"}],"author":[{"embeddable":true,"href":"https:\/\/ciedesogres.com\/wdp1\/wp-json\/wp\/v2\/users\/1"}],"replies":[{"embeddable":true,"href":"https:\/\/ciedesogres.com\/wdp1\/wp-json\/wp\/v2\/comments?post=63"}],"version-history":[{"count":18,"href":"https:\/\/ciedesogres.com\/wdp1\/wp-json\/wp\/v2\/pages\/63\/revisions"}],"predecessor-version":[{"id":1602,"href":"https:\/\/ciedesogres.com\/wdp1\/wp-json\/wp\/v2\/pages\/63\/revisions\/1602"}],"wp:attachment":[{"href":"https:\/\/ciedesogres.com\/wdp1\/wp-json\/wp\/v2\/media?parent=63"}],"curies":[{"name":"wp","href":"https:\/\/api.w.org\/{rel}","templated":true}]}}