{"id":280,"date":"2016-03-23T13:21:27","date_gmt":"2016-03-23T13:21:27","guid":{"rendered":"http:\/\/ciedesogres.com\/wdp1\/?page_id=280"},"modified":"2016-03-23T13:38:56","modified_gmt":"2016-03-23T13:38:56","slug":"ogres-a-confluences","status":"publish","type":"page","link":"https:\/\/ciedesogres.com\/wdp1\/ogres-a-confluences\/","title":{"rendered":"Ogres \u00e0 Confluences"},"content":{"rendered":"<p><img loading=\"lazy\" decoding=\"async\" class=\"size-full wp-image-227\" src=\"https:\/\/ciedesogres.com\/wdp1\/wp-content\/uploads\/2016\/01\/Ogres-TO-2.jpg\" alt=\"Ogres \u00e0 Th\u00e9\u00e2tre Ouvert - 18 novembre 2015\" width=\"960\" height=\"640\" srcset=\"https:\/\/ciedesogres.com\/wdp1\/wp-content\/uploads\/2016\/01\/Ogres-TO-2.jpg 960w, https:\/\/ciedesogres.com\/wdp1\/wp-content\/uploads\/2016\/01\/Ogres-TO-2-300x200.jpg 300w\" sizes=\"auto, (max-width: 960px) 100vw, 960px\" \/><\/p>\n<p style=\"text-align: justify;\"><span class=\"_fbReactionComponent__eventDetailsContent fsl\"><strong><a href=\"https:\/\/ciedesogres.com\/wdp1\/le-spectacle\/\"><em>Ogres<\/em><\/a><\/strong> de Yann Verburgh<br \/>\nMaquette \/ mise en espace par Eugen Jebeleanu<\/span><\/p>\n<p style=\"text-align: justify;\"><span class=\"_fbReactionComponent__eventDetailsContent fsl\">Lundi 11 avril \u00e0 20h30<br \/>\n\u00e0<strong><a href=\"http:\/\/www.confluences.net\/\" target=\"_blank\"> Confluences<\/a><\/strong><br \/>\nTarif unique: 7\u20ac<\/span><\/p>\n<p><strong>Avec<\/strong> <a href=\"https:\/\/ciedesogres.com\/wdp1\/gautier-boxebeld\/\" target=\"_blank\">Gautier Boxebeld<\/a>, <a href=\"https:\/\/ciedesogres.com\/wdp1\/alexandre-guanse\/\" target=\"_blank\">Alexandre Guans\u00e9<\/a>, <a href=\"https:\/\/ciedesogres.com\/wdp1\/clemence-laboureau\/\" target=\"_blank\">Cl\u00e9mence Laboureau<\/a>, <a href=\"https:\/\/ciedesogres.com\/wdp1\/ugo-leonard\/\" target=\"_blank\">Ugo L\u00e9onard<\/a>, <a href=\"https:\/\/ciedesogres.com\/wdp1\/claire-puygrenier\/\" target=\"_blank\">Claire Puygrenier<\/a><br \/>\n<strong>Sc\u00e9nographie<\/strong><a href=\"https:\/\/ciedesogres.com\/wdp1\/272-2\/\" target=\"_blank\"> V\u00e9lica Panduru<\/a><br \/>\n<strong>Production<\/strong> Compagnie des Ogres<\/p>\n<p>Ogres propose un voyage au cour de l&rsquo;homophobie, aujourd&rsquo;hui, dans le monde. Nous suivons comme un fil rouge, entre les diff\u00e9rents cas trait\u00e9s, l&rsquo;histoire de Benjamin, tortur\u00e9 et laiss\u00e9 pour mort dans un bois de Normandie. De la France \u00e0 la Russie, de l&rsquo;Ouganda \u00e0 l&rsquo;Iran, ce texte dresse un \u00e9tat des lieux d&rsquo;une discrimination qui exclut socialement, qui tue directement ou indirectement, qui existe sous toutes sortes de formes, provoquant douleurs et sou<span class=\"text_exposed_show\">ffrances. Au total 28 sc\u00e8nes, 14 destinations et 30 personnages, o\u00f9 se confrontent les points de vue des victimes, des agresseurs, des familles, des t\u00e9moins.<\/span><\/p>\n<p>\u00ab\u00a0Ogres est un texte \u00e9crit \u00e0 partir de documents, un th\u00e9\u00e2tre document\u00e9. Ma proposition de mise en sc\u00e8ne s&rsquo;appuiera sur un th\u00e9\u00e2tre entre r\u00e9alit\u00e9 et fiction, sur une polyphonie de voix pour un ensemble de 5 acteurs, permettant de faire entendre des points de vue diff\u00e9rents. Sous la forme du conte contemporain sur \u00ab\u00a0les ogres\u00a0\u00bb, je vais placer ces tableaux vivants au c\u0153ur d&rsquo;une \u00ab\u00a0for\u00eat de sons et de lumi\u00e8res\u00a0\u00bb qui capte et amplifie ces t\u00e9moignages. Cette for\u00eat surr\u00e9aliste, comme une cartographie sensible, va unir toutes ces histoires, tous ces pays, et leur donner une r\u00e9sonance universelle.\u00a0\u00bb<br \/>\nEugen Jebeleanu<\/p>\n<p>Projet laur\u00e9at de l\u2019appel \u00e0 projet 2016\/17 de la<a href=\"http:\/\/www.fatp.fr\/\" target=\"_blank\"> FATP<\/a><br \/>\nTexte laur\u00e9at de l\u2019Aide \u00e0 l\u2019\u00e9criture de l\u2019association <a href=\"http:\/\/beaumarchais.asso.fr\/\" target=\"_blank\">Beaumarchais-SACD<\/a>, b\u00e9n\u00e9ficiaire de l\u2019Aide \u00e0 la cr\u00e9ation du <a href=\"http:\/\/www.cnt.asso.fr\/\" target=\"_blank\">CnT<\/a><br \/>\nAvec le soutien de la <a href=\"http:\/\/www.chartreuse.org\/\" target=\"_blank\">Chartreuse Cnes<\/a> de Villeneuve lez Avignon et de <a href=\"http:\/\/www.theatre-ouvert.com\/\" target=\"_blank\">Th\u00e9\u00e2tre Ouvert Cndc<\/a>.<\/p>\n","protected":false},"excerpt":{"rendered":"<p>Ogres de Yann Verburgh Maquette \/ mise en espace par Eugen Jebeleanu Lundi 11 avril \u00e0 20h30 \u00e0 Confluences Tarif unique: 7\u20ac Avec Gautier Boxebeld, Alexandre Guans\u00e9, Cl\u00e9mence Laboureau, Ugo L\u00e9onard, Claire Puygrenier Sc\u00e9nographie V\u00e9lica Panduru Production Compagnie des Ogres Ogres propose un voyage au cour de l&rsquo;homophobie, aujourd&rsquo;hui, dans le monde. Nous suivons comme &hellip; <a href=\"https:\/\/ciedesogres.com\/wdp1\/ogres-a-confluences\/\" class=\"more-link\">Continuer la lecture de <span class=\"screen-reader-text\">Ogres \u00e0 Confluences<\/span>  <span class=\"meta-nav\">&rarr;<\/span><\/a><\/p>\n","protected":false},"author":1,"featured_media":0,"parent":0,"menu_order":0,"comment_status":"closed","ping_status":"closed","template":"","meta":{"footnotes":""},"class_list":["post-280","page","type-page","status-publish","hentry"],"_links":{"self":[{"href":"https:\/\/ciedesogres.com\/wdp1\/wp-json\/wp\/v2\/pages\/280","targetHints":{"allow":["GET"]}}],"collection":[{"href":"https:\/\/ciedesogres.com\/wdp1\/wp-json\/wp\/v2\/pages"}],"about":[{"href":"https:\/\/ciedesogres.com\/wdp1\/wp-json\/wp\/v2\/types\/page"}],"author":[{"embeddable":true,"href":"https:\/\/ciedesogres.com\/wdp1\/wp-json\/wp\/v2\/users\/1"}],"replies":[{"embeddable":true,"href":"https:\/\/ciedesogres.com\/wdp1\/wp-json\/wp\/v2\/comments?post=280"}],"version-history":[{"count":4,"href":"https:\/\/ciedesogres.com\/wdp1\/wp-json\/wp\/v2\/pages\/280\/revisions"}],"predecessor-version":[{"id":296,"href":"https:\/\/ciedesogres.com\/wdp1\/wp-json\/wp\/v2\/pages\/280\/revisions\/296"}],"wp:attachment":[{"href":"https:\/\/ciedesogres.com\/wdp1\/wp-json\/wp\/v2\/media?parent=280"}],"curies":[{"name":"wp","href":"https:\/\/api.w.org\/{rel}","templated":true}]}}