{"id":1914,"date":"2021-02-25T17:49:43","date_gmt":"2021-02-25T17:49:43","guid":{"rendered":"http:\/\/ciedesogres.com\/wdp1\/?page_id=1914"},"modified":"2021-02-25T17:54:53","modified_gmt":"2021-02-25T17:54:53","slug":"nicholas-catianis","status":"publish","type":"page","link":"https:\/\/ciedesogres.com\/wdp1\/nicholas-catianis\/","title":{"rendered":"<p style=\"text-align: center;\">NICHOLAS CATIANIS<\/p>"},"content":{"rendered":"\n<div class=\"wp-block-image\"><figure class=\"aligncenter is-resized\"><img loading=\"lazy\" decoding=\"async\" src=\"https:\/\/ciedesogres.com\/wdp1\/wp-content\/uploads\/2021\/02\/Nicholas-Catianis-carr\u00e9.jpg\" alt=\"\" class=\"wp-image-1915\" width=\"280\" height=\"280\" srcset=\"https:\/\/ciedesogres.com\/wdp1\/wp-content\/uploads\/2021\/02\/Nicholas-Catianis-carr\u00e9.jpg 201w, https:\/\/ciedesogres.com\/wdp1\/wp-content\/uploads\/2021\/02\/Nicholas-Catianis-carr\u00e9-150x150.jpg 150w\" sizes=\"auto, (max-width: 280px) 100vw, 280px\" \/><\/figure><\/div>\n\n\n\n<p>Dipl\u00f4m\u00e9 en 2014 de la Facult\u00e9 d&rsquo;Art Hyperion de Bucarest, Nicholas Catianis joue notamment, en Roumanie, sous la direction d&rsquo;Alexandru Dabija (<em>Recviem)<\/em>\u00a0et de\u00a0\u00a0Peter Kerek (#<em>Teenspirit)<\/em>. <\/p>\n\n\n\n<p>En 2015, il\nest r\u00e9compens\u00e9 par le Prix du meilleur acteur au Gala HOP. <\/p>\n\n\n\n<p>Depuis 2019, il est engag\u00e9 en tant qu&rsquo;acteur permanent dans la troupe du Th\u00e9\u00e2tre national de Braila o\u00f9 il joue dans de nombreux spectacles au r\u00e9pertoire de ce th\u00e9\u00e2tre. <\/p>\n","protected":false},"excerpt":{"rendered":"<p>Dipl\u00f4m\u00e9 en 2014 de la Facult\u00e9 d&rsquo;Art Hyperion de Bucarest, Nicholas Catianis joue notamment, en Roumanie, sous la direction d&rsquo;Alexandru Dabija (Recviem)\u00a0et de\u00a0\u00a0Peter Kerek (#Teenspirit). En 2015, il est r\u00e9compens\u00e9 par le Prix du meilleur acteur au Gala HOP. Depuis 2019, il est engag\u00e9 en tant qu&rsquo;acteur permanent dans la troupe du Th\u00e9\u00e2tre national de &hellip; <a href=\"https:\/\/ciedesogres.com\/wdp1\/nicholas-catianis\/\" class=\"more-link\">Continuer la lecture de <span class=\"screen-reader-text\"><\/p>\n<p style=\"text-align: center;\">NICHOLAS CATIANIS<\/p>\n<p><\/span>  <span class=\"meta-nav\">&rarr;<\/span><\/a><\/p>\n","protected":false},"author":1,"featured_media":0,"parent":0,"menu_order":0,"comment_status":"closed","ping_status":"closed","template":"","meta":{"footnotes":""},"class_list":["post-1914","page","type-page","status-publish","hentry"],"_links":{"self":[{"href":"https:\/\/ciedesogres.com\/wdp1\/wp-json\/wp\/v2\/pages\/1914","targetHints":{"allow":["GET"]}}],"collection":[{"href":"https:\/\/ciedesogres.com\/wdp1\/wp-json\/wp\/v2\/pages"}],"about":[{"href":"https:\/\/ciedesogres.com\/wdp1\/wp-json\/wp\/v2\/types\/page"}],"author":[{"embeddable":true,"href":"https:\/\/ciedesogres.com\/wdp1\/wp-json\/wp\/v2\/users\/1"}],"replies":[{"embeddable":true,"href":"https:\/\/ciedesogres.com\/wdp1\/wp-json\/wp\/v2\/comments?post=1914"}],"version-history":[{"count":2,"href":"https:\/\/ciedesogres.com\/wdp1\/wp-json\/wp\/v2\/pages\/1914\/revisions"}],"predecessor-version":[{"id":1921,"href":"https:\/\/ciedesogres.com\/wdp1\/wp-json\/wp\/v2\/pages\/1914\/revisions\/1921"}],"wp:attachment":[{"href":"https:\/\/ciedesogres.com\/wdp1\/wp-json\/wp\/v2\/media?parent=1914"}],"curies":[{"name":"wp","href":"https:\/\/api.w.org\/{rel}","templated":true}]}}