{"id":1909,"date":"2021-02-25T17:48:16","date_gmt":"2021-02-25T17:48:16","guid":{"rendered":"http:\/\/ciedesogres.com\/wdp1\/?page_id=1909"},"modified":"2021-02-25T17:53:40","modified_gmt":"2021-02-25T17:53:40","slug":"ilinca-manolache","status":"publish","type":"page","link":"https:\/\/ciedesogres.com\/wdp1\/ilinca-manolache\/","title":{"rendered":"<p style=\"text-align: center;\">ILINCA MANOLACHE<\/p>"},"content":{"rendered":"\n<div class=\"wp-block-image\"><figure class=\"aligncenter is-resized\"><img loading=\"lazy\" decoding=\"async\" src=\"https:\/\/ciedesogres.com\/wdp1\/wp-content\/uploads\/2021\/02\/Ilinca-Manolache-carr\u00e9.jpg\" alt=\"\" class=\"wp-image-1910\" width=\"280\" height=\"280\" srcset=\"https:\/\/ciedesogres.com\/wdp1\/wp-content\/uploads\/2021\/02\/Ilinca-Manolache-carr\u00e9.jpg 201w, https:\/\/ciedesogres.com\/wdp1\/wp-content\/uploads\/2021\/02\/Ilinca-Manolache-carr\u00e9-150x150.jpg 150w\" sizes=\"auto, (max-width: 280px) 100vw, 280px\" \/><\/figure><\/div>\n\n\n\n<p>Dipl\u00f4m\u00e9e, en 2008, du Conservatoire national sup\u00e9rieur d&rsquo;Art dramatique de Bucarest, Ilinca Manolache a jou\u00e9 dans de nombreux spectacles qui lui ont valu une reconnaissance publique et critique. <\/p>\n\n\n\n<p>Elle a notamment \u00e9t\u00e9 r\u00e9compens\u00e9e\npar le Prix UNITER en 2016 (<em>\u00e9quivalent des Prix Moli\u00e8res du th\u00e9\u00e2tre public<\/em>),\npour son r\u00f4le dans l&rsquo;<em>Ann\u00e9e disparue,&nbsp;1989 <\/em>de Peca \u0218tefan, mis en\nsc\u00e8ne par Anei M\u0103rgineanu.&nbsp;<\/p>\n\n\n\n<p>Elle est engag\u00e9e en tant qu&rsquo;actrice permanente dans la troupe du Th\u00e9\u00e2tre Mic de Bucarest o\u00f9 elle joue dans de nombreux spectacles au r\u00e9pertoire de ce th\u00e9\u00e2tre.<\/p>\n\n\n\n<p><br><\/p>\n","protected":false},"excerpt":{"rendered":"<p>Dipl\u00f4m\u00e9e, en 2008, du Conservatoire national sup\u00e9rieur d&rsquo;Art dramatique de Bucarest, Ilinca Manolache a jou\u00e9 dans de nombreux spectacles qui lui ont valu une reconnaissance publique et critique. Elle a notamment \u00e9t\u00e9 r\u00e9compens\u00e9e par le Prix UNITER en 2016 (\u00e9quivalent des Prix Moli\u00e8res du th\u00e9\u00e2tre public), pour son r\u00f4le dans l&rsquo;Ann\u00e9e disparue,&nbsp;1989 de Peca \u0218tefan, &hellip; <a href=\"https:\/\/ciedesogres.com\/wdp1\/ilinca-manolache\/\" class=\"more-link\">Continuer la lecture de <span class=\"screen-reader-text\"><\/p>\n<p style=\"text-align: center;\">ILINCA MANOLACHE<\/p>\n<p><\/span>  <span class=\"meta-nav\">&rarr;<\/span><\/a><\/p>\n","protected":false},"author":1,"featured_media":0,"parent":0,"menu_order":0,"comment_status":"closed","ping_status":"closed","template":"","meta":{"footnotes":""},"class_list":["post-1909","page","type-page","status-publish","hentry"],"_links":{"self":[{"href":"https:\/\/ciedesogres.com\/wdp1\/wp-json\/wp\/v2\/pages\/1909","targetHints":{"allow":["GET"]}}],"collection":[{"href":"https:\/\/ciedesogres.com\/wdp1\/wp-json\/wp\/v2\/pages"}],"about":[{"href":"https:\/\/ciedesogres.com\/wdp1\/wp-json\/wp\/v2\/types\/page"}],"author":[{"embeddable":true,"href":"https:\/\/ciedesogres.com\/wdp1\/wp-json\/wp\/v2\/users\/1"}],"replies":[{"embeddable":true,"href":"https:\/\/ciedesogres.com\/wdp1\/wp-json\/wp\/v2\/comments?post=1909"}],"version-history":[{"count":3,"href":"https:\/\/ciedesogres.com\/wdp1\/wp-json\/wp\/v2\/pages\/1909\/revisions"}],"predecessor-version":[{"id":1920,"href":"https:\/\/ciedesogres.com\/wdp1\/wp-json\/wp\/v2\/pages\/1909\/revisions\/1920"}],"wp:attachment":[{"href":"https:\/\/ciedesogres.com\/wdp1\/wp-json\/wp\/v2\/media?parent=1909"}],"curies":[{"name":"wp","href":"https:\/\/api.w.org\/{rel}","templated":true}]}}