{"id":1822,"date":"2020-06-24T16:25:59","date_gmt":"2020-06-24T16:25:59","guid":{"rendered":"http:\/\/ciedesogres.com\/wdp1\/?page_id=1822"},"modified":"2020-06-24T16:34:59","modified_gmt":"2020-06-24T16:34:59","slug":"i-was-looking-at-the-ceiling-and-then-i-saw-the-sky","status":"publish","type":"page","link":"https:\/\/ciedesogres.com\/wdp1\/i-was-looking-at-the-ceiling-and-then-i-saw-the-sky\/","title":{"rendered":"I WAS LOOKING AT THE CEILING AND THEN I SAW THE SKY"},"content":{"rendered":"\n<p>de John Adam<br>mis en sc\u00e8ne par Eugen Jebeleanu<\/p>\n\n\n\n<figure class=\"wp-block-image\"><img loading=\"lazy\" decoding=\"async\" width=\"1024\" height=\"683\" src=\"https:\/\/ciedesogres.com\/wdp1\/wp-content\/uploads\/2020\/06\/I-was-Looking-3-1024x683.jpeg\" alt=\"\" class=\"wp-image-1828\" srcset=\"https:\/\/ciedesogres.com\/wdp1\/wp-content\/uploads\/2020\/06\/I-was-Looking-3-1024x683.jpeg 1024w, https:\/\/ciedesogres.com\/wdp1\/wp-content\/uploads\/2020\/06\/I-was-Looking-3-300x200.jpeg 300w, https:\/\/ciedesogres.com\/wdp1\/wp-content\/uploads\/2020\/06\/I-was-Looking-3-768x512.jpeg 768w, https:\/\/ciedesogres.com\/wdp1\/wp-content\/uploads\/2020\/06\/I-was-Looking-3.jpeg 2048w\" sizes=\"auto, (max-width: 1024px) 100vw, 1024px\" \/><\/figure>\n\n\n\n<p>\u00ab I Was Looking at the Ceiling and then I Saw the Sky est n\u00e9 dans les Etats-Unis des ann\u00e9es 90, au c\u0153ur d\u2019une situation politique complexe, au sein d\u2019une soci\u00e9t\u00e9 discriminatoire, raciste et conservatrice. Un quart de si\u00e8cle plus tard, Donald Trump est au pouvoir et la situation ne semble pas avoir trouv\u00e9 de d\u00e9nouement dans une politique qui propage la haine, l\u2019exclusion et le nationalisme. Des murs \u00e0 \u00e9riger pour les uns, des murs \u00e0 d\u00e9truire pour d\u2019autres. De nos jours, des mouvements tels que Black Lives Matter, initi\u00e9 en 2013, nous rappellent que les brutalit\u00e9s polici\u00e8res, les meurtres perp\u00e9tu\u00e9s par la police sur les Afro-Am\u00e9ricains et les discriminations \u00ab raciales \u00bb dans les jugements rendus par le syst\u00e8me de justice am\u00e9ricain, sont toujours, h\u00e9las, d\u2019une actualit\u00e9 br\u00fblante. \u00bb <strong>Eugen Jebeleanu<\/strong><\/p>\n\n\n\n<p><strong>Repr\u00e9sentations du\u00a013\u00a0au\u00a023\u00a0f\u00e9vrier\u00a02020<\/strong> au <a href=\"https:\/\/www.croix-rousse.com\/au-programme\/i-was-looking-at-the-ceiling-then-i-saw-the-sky\/\">Th\u00e9\u00e2tre de la Croix Rousse<\/a> \u2013 production <a rel=\"noreferrer noopener\" href=\"https:\/\/www.opera-lyon.com\/fr\/20192020\/opera\/i-was-looking-ceiling-and-then-i-saw-sky\" target=\"_blank\">Op\u00e9ra de Lyon<\/a><\/p>\n\n\n\n<figure class=\"wp-block-image\"><img loading=\"lazy\" decoding=\"async\" width=\"1024\" height=\"683\" src=\"https:\/\/ciedesogres.com\/wdp1\/wp-content\/uploads\/2020\/06\/I-was-Looking-1-1024x683.jpeg\" alt=\"\" class=\"wp-image-1827\" srcset=\"https:\/\/ciedesogres.com\/wdp1\/wp-content\/uploads\/2020\/06\/I-was-Looking-1-1024x683.jpeg 1024w, https:\/\/ciedesogres.com\/wdp1\/wp-content\/uploads\/2020\/06\/I-was-Looking-1-300x200.jpeg 300w, https:\/\/ciedesogres.com\/wdp1\/wp-content\/uploads\/2020\/06\/I-was-Looking-1-768x512.jpeg 768w, https:\/\/ciedesogres.com\/wdp1\/wp-content\/uploads\/2020\/06\/I-was-Looking-1.jpeg 2048w\" sizes=\"auto, (max-width: 1024px) 100vw, 1024px\" \/><\/figure>\n\n\n\n<h3 class=\"wp-block-heading\">Presse<\/h3>\n\n\n\n<blockquote class=\"wp-block-quote is-layout-flow wp-block-quote-is-layout-flow\"><p>Les jeunes solistes du Studio de l\u2019Op\u00e9ra de Lyon, tous aussi bons chanteurs qu\u2019acteurs, sont accompagn\u00e9s d\u2019un ensemble instrumental plac\u00e9 au centre du plateau et men\u00e9 par Vincent Renaud. Tous les artistes donnent une v\u00e9loce et revigorante version de la partition. Color\u00e9es, \u00e9lectris\u00e9es, les m\u00e9lodies sentimentales ou plus survolt\u00e9es regorgent de vivacit\u00e9. Gr\u00e2ce \u00e0 eux, I was looking at the ceiling and then I saw the sky chante \u00e0 nouveau la libert\u00e9 de circuler, d\u2019aimer, d\u2019exister<\/p><cite>SCENE WEB \u2013 Christophe Candoni <\/cite><\/blockquote>\n\n\n\n<blockquote class=\"wp-block-quote is-layout-flow wp-block-quote-is-layout-flow\"><p>Les solistes du Studio de l\u2019Op\u00e9ra de Lyon \u00e9quilibrent la pr\u00e9cision de la diction avec un lyrisme qui se conjugue \u00e0 l\u2019engagement th\u00e9\u00e2tral de la com\u00e9die musicale. L\u2019ensemble rend justice \u00e0 la nature hybride dans l\u2019\u00e9criture de l\u2019ouvrage<\/p><cite>OLYRIX \u2013 Gilles Charlassie <\/cite><\/blockquote>\n\n\n\n<blockquote class=\"wp-block-quote is-layout-flow wp-block-quote-is-layout-flow\"><p>Avec cette derni\u00e8re cr\u00e9ation, Eugen Jebeleanu et Yann Verburgh t\u00e9moignent de leur capacit\u00e9 \u00e0 s\u2019approprier avec finesse d\u2019autres formes que le th\u00e9\u00e2tre. Sans surajouter \u00e0 la densit\u00e9 essentielle de cet op\u00e9ra-pop, ils nous invitent avec tous les artistes, \u00e0 en red\u00e9couvrir les subtilit\u00e9s par une composition esth\u00e9tique soign\u00e9e et un rigoureux travail de direction. Un moment jubilatoire <\/p><cite>WANDERER \u2013 Thierry Jallet <\/cite><\/blockquote>\n\n\n\n<blockquote class=\"wp-block-quote is-layout-flow wp-block-quote-is-layout-flow\"><p>L\u2019accueil chaleureux accord\u00e9 par le public lyonnais \u00e0 cette \u0153uvre originale peu connue du grand public est une r\u00e9compense m\u00e9rit\u00e9e par l\u2019ensemble de la troupe<\/p><cite>REGARDS EN COULISSES \u2013 Dan R\u00e9nier <\/cite><\/blockquote>\n\n\n\n<blockquote class=\"wp-block-quote is-layout-flow wp-block-quote-is-layout-flow\"><p>On ne peut que louer la mise en sc\u00e8ne tr\u00e8s fluide de Eugen Jebeleanu et la remarquable direction d\u2019acteurs, le tout \u00e9voquant certains tableaux de Hopper, et plus g\u00e9n\u00e9ralement des sc\u00e8nes tr\u00e8s r\u00e9ussies de cin\u00e9ma.<\/p><cite>CLASSIQUES NEWS \u2013 Jean-Fran\u00e7ois Lattarico <\/cite><\/blockquote>\n\n\n\n<figure class=\"wp-block-image\"><img loading=\"lazy\" decoding=\"async\" width=\"960\" height=\"640\" src=\"https:\/\/ciedesogres.com\/wdp1\/wp-content\/uploads\/2020\/06\/I-was-Looking-2.jpeg\" alt=\"\" class=\"wp-image-1829\" srcset=\"https:\/\/ciedesogres.com\/wdp1\/wp-content\/uploads\/2020\/06\/I-was-Looking-2.jpeg 960w, https:\/\/ciedesogres.com\/wdp1\/wp-content\/uploads\/2020\/06\/I-was-Looking-2-300x200.jpeg 300w, https:\/\/ciedesogres.com\/wdp1\/wp-content\/uploads\/2020\/06\/I-was-Looking-2-768x512.jpeg 768w\" sizes=\"auto, (max-width: 960px) 100vw, 960px\" \/><\/figure>\n\n\n\n<p>production <strong><a href=\"https:\/\/www.opera-lyon.com\/fr\/20192020\/opera\/i-was-looking-ceiling-and-then-i-saw-sky\">Op\u00e9ra national de Lyon<\/a><\/strong> | cor\u00e9alisation <strong><a href=\"https:\/\/www.croix-rousse.com\/au-programme\/i-was-looking-at-the-ceiling-then-i-saw-the-sky-2\/\">Th\u00e9\u00e2tre de la Croix-Rousse &#8211; Lyon<\/a><\/strong><\/p>\n\n\n\n<p>composition <strong>John Adams <\/strong>| livret <strong>June Jordan<\/strong> | direction musicale <strong>Vincent Renaud<\/strong> |mise en sc\u00e8ne <strong><a href=\"https:\/\/ciedesogres.com\/wdp1\/eugen-jebeleanu\/\">Eugen Jebeleanu<\/a><\/strong><\/p>\n\n\n\n<p>avec <strong>Alban Zachary Legos, Cl\u00e9mence Poussin, Christian Joel, Axelle Fanyo, Aaron O\u2019Hare, Biao Li, Louise Kuyvenhove<\/strong><br><strong>Elsa Loubaton<\/strong> clarinette | <strong>Jos\u00e9 Carlos Garcia Bejarano<\/strong> saxophone | <strong>Corentin Quemener<\/strong> percussions, batterie | <strong>Sylvaine Carlier, Hiroko Ishigame, Graham Lilly<\/strong> clavier | <strong>Nicolas Frache<\/strong> guitare \u00e9lectrique| <strong>Michel Molines<\/strong> contrebasse, basse \u00e9lectrique <\/p>\n\n\n\n<p>dramaturgie <strong><a href=\"https:\/\/ciedesogres.com\/wdp1\/yann-verburgh\/\">Yann Verburgh<\/a> <\/strong>| d\u00e9cors et costumes <strong><a href=\"https:\/\/ciedesogres.com\/wdp1\/272-2\/\">Velica Panduru<\/a><\/strong> | lumi\u00e8res <strong>Marine Le Vey<\/strong><\/p>\n\n\n\n<p>\u00e9quipe technique de l\u2019Op\u00e9ra de Lyon<br><strong>Maxence Ellul, Herv\u00e9 Lautissier et J\u00e9r\u00e9my Steunou<\/strong> \u00e9lectriciens | <strong>V\u00e9ronique Fontin<\/strong> accessoiriste | <strong>Caroline Martin<\/strong> r\u00e9gisseuse son | <strong>Rachel Martin<\/strong> habilleuse | <strong>Elena Morar <\/strong>r\u00e9gisseuse de sc\u00e8ne | <strong>Philippe Sagnes<\/strong> directeur technique | <strong>Josselin Sicot<\/strong> r\u00e9gisseur de production <\/p>\n\n\n\n<p>\u00e9quipe technique du Th\u00e9\u00e2tre de la Croix-Rousse<br><strong>Moritz Arndt et Camille Wolff <\/strong>apprentis lumi\u00e8re |<strong> Christophe Braconnier<\/strong> chef \u00e9lectricien | <strong>Yannick Buffat<\/strong> r\u00e9gisseur son | <strong>L\u00e9a Decoster<\/strong> \u00e9lectricienne | <strong>Didier Hirth et Thibault Villalta<\/strong> machinistes | <strong>Joachim Richard <\/strong>chef machiniste | <strong>Gilles Vernay<\/strong> directeur technique <\/p>\n\n\n\n<p>construction du d\u00e9cor <strong>Ioan Moldovan \/ Atelier Tukuma Works<\/strong><br>photographie dans le d\u00e9cor <strong>Would-Be Martyr and 72 Virgins, 2008 \u00a9David LaChapelle Courtesy of Templon<\/strong><\/p>\n\n\n\n<p><strong>Cr\u00e9dit photo Adi Bulboaca &amp; Blandine Soulage<\/strong><\/p>\n\n\n\n<figure class=\"wp-block-image\"><img loading=\"lazy\" decoding=\"async\" width=\"960\" height=\"640\" src=\"https:\/\/ciedesogres.com\/wdp1\/wp-content\/uploads\/2020\/06\/I-was-Looking-4.jpeg\" alt=\"\" class=\"wp-image-1834\" srcset=\"https:\/\/ciedesogres.com\/wdp1\/wp-content\/uploads\/2020\/06\/I-was-Looking-4.jpeg 960w, https:\/\/ciedesogres.com\/wdp1\/wp-content\/uploads\/2020\/06\/I-was-Looking-4-300x200.jpeg 300w, https:\/\/ciedesogres.com\/wdp1\/wp-content\/uploads\/2020\/06\/I-was-Looking-4-768x512.jpeg 768w\" sizes=\"auto, (max-width: 960px) 100vw, 960px\" \/><\/figure>\n","protected":false},"excerpt":{"rendered":"<p>de John Adammis en sc\u00e8ne par Eugen Jebeleanu \u00ab I Was Looking at the Ceiling and then I Saw the Sky est n\u00e9 dans les Etats-Unis des ann\u00e9es 90, au c\u0153ur d\u2019une situation politique complexe, au sein d\u2019une soci\u00e9t\u00e9 discriminatoire, raciste et conservatrice. Un quart de si\u00e8cle plus tard, Donald Trump est au pouvoir et &hellip; <a href=\"https:\/\/ciedesogres.com\/wdp1\/i-was-looking-at-the-ceiling-and-then-i-saw-the-sky\/\" class=\"more-link\">Continuer la lecture de <span class=\"screen-reader-text\">I WAS LOOKING AT THE CEILING AND THEN I SAW THE SKY<\/span>  <span class=\"meta-nav\">&rarr;<\/span><\/a><\/p>\n","protected":false},"author":1,"featured_media":0,"parent":0,"menu_order":0,"comment_status":"closed","ping_status":"closed","template":"","meta":{"footnotes":""},"class_list":["post-1822","page","type-page","status-publish","hentry"],"_links":{"self":[{"href":"https:\/\/ciedesogres.com\/wdp1\/wp-json\/wp\/v2\/pages\/1822","targetHints":{"allow":["GET"]}}],"collection":[{"href":"https:\/\/ciedesogres.com\/wdp1\/wp-json\/wp\/v2\/pages"}],"about":[{"href":"https:\/\/ciedesogres.com\/wdp1\/wp-json\/wp\/v2\/types\/page"}],"author":[{"embeddable":true,"href":"https:\/\/ciedesogres.com\/wdp1\/wp-json\/wp\/v2\/users\/1"}],"replies":[{"embeddable":true,"href":"https:\/\/ciedesogres.com\/wdp1\/wp-json\/wp\/v2\/comments?post=1822"}],"version-history":[{"count":6,"href":"https:\/\/ciedesogres.com\/wdp1\/wp-json\/wp\/v2\/pages\/1822\/revisions"}],"predecessor-version":[{"id":1835,"href":"https:\/\/ciedesogres.com\/wdp1\/wp-json\/wp\/v2\/pages\/1822\/revisions\/1835"}],"wp:attachment":[{"href":"https:\/\/ciedesogres.com\/wdp1\/wp-json\/wp\/v2\/media?parent=1822"}],"curies":[{"name":"wp","href":"https:\/\/api.w.org\/{rel}","templated":true}]}}