{"id":16,"date":"2015-09-22T12:15:47","date_gmt":"2015-09-22T12:15:47","guid":{"rendered":"http:\/\/ciedesogres.com\/wdp1\/?page_id=16"},"modified":"2025-11-20T12:37:16","modified_gmt":"2025-11-20T11:37:16","slug":"la-compagnie-des-ogres","status":"publish","type":"page","link":"https:\/\/ciedesogres.com\/wdp1\/la-compagnie-des-ogres\/","title":{"rendered":"La Compagnie des Ogres, UN PROJET EUROP\u00c9EN"},"content":{"rendered":"\n<p>Issue de la rencontre entre l\u2019auteur fran\u00e7ais <a href=\"https:\/\/ciedesogres.com\/wdp1\/yann-verburgh\/\">Yann Verburgh<\/a> et le metteur en sc\u00e8ne roumain <a href=\"https:\/\/ciedesogres.com\/wdp1\/eugen-jebeleanu\/\">Eugen Jebeleanu<\/a>, la Compagnie des Ogres a \u00e9t\u00e9 cr\u00e9\u00e9e, en France, en 2015, anim\u00e9e par le d\u00e9sir commun de cr\u00e9er un projet artistique europ\u00e9en, de d\u00e9velopper un dialogue entre les territoires et de s\u2019emparer des sujets politiques qui fa\u00e7onnent notre soci\u00e9t\u00e9.<\/p>\n\n\n\n<p>Ogres, le premier spectacle de la compagnie, est cr\u00e9\u00e9 en janvier 2017 \u00e0 la Chartreuse de Villeneuve lez Avignon et est diffus\u00e9 jusqu&rsquo;en 2019 en France et en Roumanie.<\/p>\n\n\n\n<p> Yann Verburgh est accueilli en r\u00e9sidence d\u2019\u00e9criture \u00e0 la Chartreuse de Villeneuve lez Avignon, au Festival Univers des mots \u00e0 Conakry en Guin\u00e9e, r\u00e9pond \u00e0 des commandes d\u2019\u00e9criture notamment pour le Conseil D\u00e9partemental de la Seine Saint-Denis. Ses pi\u00e8ces, publi\u00e9es chez Quartett \u00c9ditions et aux Solitaires Intempestifs, sont lues \u00e0 la Com\u00e9die Fran\u00e7aise, mises en ondes sur France Culture, traduites et jou\u00e9es en plusieurs langues. <\/p>\n\n\n\n<p> Eugen Jebeleanu collabore notamment avec le Th\u00e9\u00e2tre National de Sibiu, le Schauspiel Stuttgart, le Festival Actoral, le Festival Temps d\u2019Images de Cluj, Th\u00e9\u00e2tre Ouvert et le festival Chantiers d\u2019Europe du Th\u00e9\u00e2tre de la Ville de Paris. Ses cr\u00e9ations sont invit\u00e9es dans de nombreux festivals en Roumanie, en France, en Pologne, au Danemark, en Allemagne et en Moldavie. <\/p>\n\n\n\n<p>Forte de cette exp\u00e9rience \u00e0 l\u2019international, la Compagnie des Ogres se lance en 2019 dans la cr\u00e9ation du spectacle <em>ITIN\u00c9RAIRES un jour le monde changera<\/em>, un projet th\u00e9\u00e2tral multilingue qui r\u00e9unit artistes et institutions de deux pays europ\u00e9ens : la France et la Roumanie.<\/p>\n\n\n\n<figure class=\"wp-block-gallery has-nested-images columns-default is-cropped wp-block-gallery-1 is-layout-flex wp-block-gallery-is-layout-flex\">\n<figure class=\"wp-block-image\"><img loading=\"lazy\" decoding=\"async\" width=\"960\" height=\"640\" data-id=\"974\" src=\"https:\/\/ciedesogres.com\/wdp1\/wp-content\/uploads\/2015\/09\/Ogres-\u00e9quipe-min.jpg\" alt=\"\" class=\"wp-image-974\" srcset=\"https:\/\/ciedesogres.com\/wdp1\/wp-content\/uploads\/2015\/09\/Ogres-\u00e9quipe-min.jpg 960w, https:\/\/ciedesogres.com\/wdp1\/wp-content\/uploads\/2015\/09\/Ogres-\u00e9quipe-min-300x200.jpg 300w, https:\/\/ciedesogres.com\/wdp1\/wp-content\/uploads\/2015\/09\/Ogres-\u00e9quipe-min-768x512.jpg 768w\" sizes=\"auto, (max-width: 960px) 100vw, 960px\" \/><figcaption class=\"wp-element-caption\">\u00c9quipe du spectacle Ogres &#8211; r\u00e9sidence de cr\u00e9ation \u00e0 la Chartreuse cnes de Villeneuve lez Avignon<\/figcaption><\/figure>\n<\/figure>\n\n\n\n<p><strong>Voici un dossier de pr\u00e9sentation des spectacles d\u2019Eugen Jebeleanu et Yann Verburgh:<\/strong><\/p>\n<p><a href=\"https:\/\/ciedesogres.com\/wdp1\/wp-content\/uploads\/2025\/11\/dossier-francais-Eugen-Jebeleanu.pdf\">Dossier en fran\u00e7ais<\/a><\/p>\n<p><a href=\"https:\/\/ciedesogres.com\/wdp1\/wp-content\/uploads\/2025\/11\/Dosar-romana-Eugen-Jebeleanu-1.pdf\">Dossier en roumain<\/a><\/p>\n<p>\u00a0<\/p>\n","protected":false},"excerpt":{"rendered":"<p>Issue de la rencontre entre l\u2019auteur fran\u00e7ais Yann Verburgh et le metteur en sc\u00e8ne roumain Eugen Jebeleanu, la Compagnie des Ogres a \u00e9t\u00e9 cr\u00e9\u00e9e, en France, en 2015, anim\u00e9e par le d\u00e9sir commun de cr\u00e9er un projet artistique europ\u00e9en, de d\u00e9velopper un dialogue entre les territoires et de s\u2019emparer des sujets politiques qui fa\u00e7onnent notre &hellip; <a href=\"https:\/\/ciedesogres.com\/wdp1\/la-compagnie-des-ogres\/\" class=\"more-link\">Continuer la lecture de <span class=\"screen-reader-text\">La Compagnie des Ogres, UN PROJET EUROP\u00c9EN<\/span>  <span class=\"meta-nav\">&rarr;<\/span><\/a><\/p>\n","protected":false},"author":1,"featured_media":0,"parent":0,"menu_order":0,"comment_status":"closed","ping_status":"closed","template":"","meta":{"footnotes":""},"class_list":["post-16","page","type-page","status-publish","hentry"],"_links":{"self":[{"href":"https:\/\/ciedesogres.com\/wdp1\/wp-json\/wp\/v2\/pages\/16","targetHints":{"allow":["GET"]}}],"collection":[{"href":"https:\/\/ciedesogres.com\/wdp1\/wp-json\/wp\/v2\/pages"}],"about":[{"href":"https:\/\/ciedesogres.com\/wdp1\/wp-json\/wp\/v2\/types\/page"}],"author":[{"embeddable":true,"href":"https:\/\/ciedesogres.com\/wdp1\/wp-json\/wp\/v2\/users\/1"}],"replies":[{"embeddable":true,"href":"https:\/\/ciedesogres.com\/wdp1\/wp-json\/wp\/v2\/comments?post=16"}],"version-history":[{"count":34,"href":"https:\/\/ciedesogres.com\/wdp1\/wp-json\/wp\/v2\/pages\/16\/revisions"}],"predecessor-version":[{"id":20791,"href":"https:\/\/ciedesogres.com\/wdp1\/wp-json\/wp\/v2\/pages\/16\/revisions\/20791"}],"wp:attachment":[{"href":"https:\/\/ciedesogres.com\/wdp1\/wp-json\/wp\/v2\/media?parent=16"}],"curies":[{"name":"wp","href":"https:\/\/api.w.org\/{rel}","templated":true}]}}