{"id":144,"date":"2015-11-23T12:00:33","date_gmt":"2015-11-23T12:00:33","guid":{"rendered":"http:\/\/ciedesogres.com\/wdp1\/?page_id=144"},"modified":"2021-02-26T11:53:03","modified_gmt":"2021-02-26T11:53:03","slug":"claire-puygrenier","status":"publish","type":"page","link":"https:\/\/ciedesogres.com\/wdp1\/claire-puygrenier\/","title":{"rendered":"<p style=\"text-align: center;\">Claire Puygrenier<\/p>"},"content":{"rendered":"<p style=\"text-align: justify;\"><img loading=\"lazy\" decoding=\"async\" class=\"aligncenter wp-image-329\" src=\"https:\/\/ciedesogres.com\/wdp1\/wp-content\/uploads\/2015\/11\/Claire-Puygrenier-3.jpg\" alt=\"Claire Puygrenier 3\" width=\"280\" height=\"280\" srcset=\"https:\/\/ciedesogres.com\/wdp1\/wp-content\/uploads\/2015\/11\/Claire-Puygrenier-3.jpg 816w, https:\/\/ciedesogres.com\/wdp1\/wp-content\/uploads\/2015\/11\/Claire-Puygrenier-3-150x150.jpg 150w, https:\/\/ciedesogres.com\/wdp1\/wp-content\/uploads\/2015\/11\/Claire-Puygrenier-3-300x300.jpg 300w, https:\/\/ciedesogres.com\/wdp1\/wp-content\/uploads\/2015\/11\/Claire-Puygrenier-3-768x768.jpg 768w\" sizes=\"auto, (max-width: 280px) 100vw, 280px\" \/><\/p>\n<p style=\"text-align: left;\">Claire Puygrenier a travaill\u00e9 \u00e0 plusieurs reprises sous la direction de Ren\u00e9 Loyon ; dans <em>Tartuffe<\/em> et <em>Dom Juan<\/em> de Moli\u00e8re, <em>La Double inconstance de Marivaux<\/em>, <em>Antigone<\/em> de Sophocle, <em>Yerma<\/em> de Federico Garc\u00eda Lorca.<\/p>\n<p style=\"text-align: left;\">Elle a \u00e9galement jou\u00e9 dans des \u0153uvres contemporaines\u00a0: <em>La b\u00eate dans la jungle<\/em> d\u2019Henry James adapt\u00e9e par Marguerite Duras, <em>Inspecteur La Guerre<\/em> de Lise Martin, <em>Preparadise Sorry Now<\/em> de Rainer\u00a0Werner\u00a0Fassbinder, <em>L\u2019Op\u00e9ra de la lune<\/em> de Jacques Pr\u00e9vert, <em>BMC<\/em> d\u2019Eug\u00e8ne Durif, <em>Mademoiselle Marie<\/em> d\u2019Isabelle Habiague, <em>Chez les Titch<\/em> de Louis Calaferte, <em>Vida y muerte del poeta Cervantes<\/em> de Josef Szajna\u00a0; <em>Nouvelles-Radio<\/em> mises en sc\u00e8ne par Yan All\u00e9gret, Josef Szajna, Jean-Louis Jacopin, Jose Manuel Cano Lopez, Arsenic cie\u2026<\/p>\n<p style=\"text-align: left;\" data-tadv-p=\"keep\">Elle a particip\u00e9 \u00e0 la cr\u00e9ation de\u00a0<i>Zukunft Europa IV-VII<\/i>, avec des textes de Jo\u00ebl Maillard, Alexandra Badea, Di Falco entre autres, et de<i>\u00a0Pulv\u00e9ris\u00e9s<\/i>\u00a0d\u2019Alexandra Badea, mis en sc\u00e8ne par Olivier Keller (Theater Marie).<\/p>\n<p style=\"text-align: left;\" data-tadv-p=\"keep\">Elle est parmi les interpr\u00e8tes de\u00a0<i>Ogres<\/i> et de <i>Itin\u00e9raires, un jour le monde changera<\/i> de Yann Verburgh mis en sc\u00e8ne par Eugen Jebeleanu.\u00a0<\/p>\n<p style=\"text-align: left;\" data-tadv-p=\"keep\">Derni\u00e8rement, elle a jou\u00e9 le monologue <i>R\u00e9mission, <\/i>nouvelle cr\u00e9ation de la Compagnie des Ogres.<\/p>\n\n\n<p><\/p>\n","protected":false},"excerpt":{"rendered":"<p>Claire Puygrenier a travaill\u00e9 \u00e0 plusieurs reprises sous la direction de Ren\u00e9 Loyon ; dans Tartuffe et Dom Juan de Moli\u00e8re, La Double inconstance de Marivaux, Antigone de Sophocle, Yerma de Federico Garc\u00eda Lorca. Elle a \u00e9galement jou\u00e9 dans des \u0153uvres contemporaines\u00a0: La b\u00eate dans la jungle d\u2019Henry James adapt\u00e9e par Marguerite Duras, Inspecteur La &hellip; <a href=\"https:\/\/ciedesogres.com\/wdp1\/claire-puygrenier\/\" class=\"more-link\">Continuer la lecture de <span class=\"screen-reader-text\"><\/p>\n<p style=\"text-align: center;\">Claire Puygrenier<\/p>\n<p><\/span>  <span class=\"meta-nav\">&rarr;<\/span><\/a><\/p>\n","protected":false},"author":1,"featured_media":0,"parent":0,"menu_order":0,"comment_status":"closed","ping_status":"closed","template":"","meta":{"footnotes":""},"class_list":["post-144","page","type-page","status-publish","hentry"],"_links":{"self":[{"href":"https:\/\/ciedesogres.com\/wdp1\/wp-json\/wp\/v2\/pages\/144","targetHints":{"allow":["GET"]}}],"collection":[{"href":"https:\/\/ciedesogres.com\/wdp1\/wp-json\/wp\/v2\/pages"}],"about":[{"href":"https:\/\/ciedesogres.com\/wdp1\/wp-json\/wp\/v2\/types\/page"}],"author":[{"embeddable":true,"href":"https:\/\/ciedesogres.com\/wdp1\/wp-json\/wp\/v2\/users\/1"}],"replies":[{"embeddable":true,"href":"https:\/\/ciedesogres.com\/wdp1\/wp-json\/wp\/v2\/comments?post=144"}],"version-history":[{"count":11,"href":"https:\/\/ciedesogres.com\/wdp1\/wp-json\/wp\/v2\/pages\/144\/revisions"}],"predecessor-version":[{"id":1926,"href":"https:\/\/ciedesogres.com\/wdp1\/wp-json\/wp\/v2\/pages\/144\/revisions\/1926"}],"wp:attachment":[{"href":"https:\/\/ciedesogres.com\/wdp1\/wp-json\/wp\/v2\/media?parent=144"}],"curies":[{"name":"wp","href":"https:\/\/api.w.org\/{rel}","templated":true}]}}