{"id":141,"date":"2015-11-23T11:59:07","date_gmt":"2015-11-23T11:59:07","guid":{"rendered":"http:\/\/ciedesogres.com\/wdp1\/?page_id=141"},"modified":"2017-09-15T17:14:42","modified_gmt":"2017-09-15T17:14:42","slug":"ugo-leonard","status":"publish","type":"page","link":"https:\/\/ciedesogres.com\/wdp1\/ugo-leonard\/","title":{"rendered":"<p style=\"text-align: center;\">Ugo L\u00e9onard<\/p>"},"content":{"rendered":"<p style=\"text-align: justify;\"><img loading=\"lazy\" decoding=\"async\" class=\"aligncenter wp-image-333 \" src=\"https:\/\/ciedesogres.com\/wdp1\/wp-content\/uploads\/2015\/11\/Ugo-L\u00e9onard-3.jpg\" alt=\"\" width=\"280\" height=\"280\" srcset=\"https:\/\/ciedesogres.com\/wdp1\/wp-content\/uploads\/2015\/11\/Ugo-L\u00e9onard-3.jpg 540w, https:\/\/ciedesogres.com\/wdp1\/wp-content\/uploads\/2015\/11\/Ugo-L\u00e9onard-3-150x150.jpg 150w, https:\/\/ciedesogres.com\/wdp1\/wp-content\/uploads\/2015\/11\/Ugo-L\u00e9onard-3-300x300.jpg 300w\" sizes=\"auto, (max-width: 280px) 100vw, 280px\" \/><\/p>\n<p dir=\"ltr\" style=\"text-align: justify;\">Apr\u00e8s un baccalaur\u00e9at litt\u00e9raire option th\u00e9\u00e2tre et un BTS en gestion de production audiovisuelle (EICAR de la Plaine Saint-Denis), il obtient en 2013 un master II \u00ab\u00a0Cin\u00e9ma et Audiovisuel\u00a0\u00bb \u00e0 l&rsquo;universit\u00e9 Paris I Panth\u00e9on-Sorbonne. Parall\u00e8lement \u00e0 ses \u00e9tudes universitaires, il suit des cours d&rsquo;art dramatique des conservatoires des Ier et XI\u00e8me arrondissement de Paris et y obtient son C.E.T. (Certificat d&rsquo;\u00c9tudes Th\u00e9\u00e2trales).<\/p>\n<p dir=\"ltr\" style=\"text-align: justify;\">Il joue dans <em>Electronic city<\/em> de Falk Richter mis en sc\u00e8ne par Pierre Koestel et dans <em>Rom\u00e9o et Juliette<\/em> de Shakespeare mis en sc\u00e8ne par J\u00e9r\u00e9my Ridel.<\/p>\n<p dir=\"ltr\" style=\"text-align: justify;\">En 2011, il int\u00e8gre la Compagnie 28, compagnie de th\u00e9\u00e2tre franco-roumaine, et joue dans diff\u00e9rents projets culturels transfrontaliers, dont <em>ISADORA<\/em>-exposition th\u00e9\u00e2trale en France pour la Nuit des Mus\u00e9es et pour le festival de Th\u00e9\u00e2tre Nou \u00e0 Arad en Roumanie, <em>Romulus-correct politically show<\/em> \u00e0 la Ferme du Bonheur \u00e0 Nanterre et au Th\u00e9\u00e2tre de Gennevilliers.<\/p>\n<p dir=\"ltr\" style=\"text-align: justify;\">Il r\u00e9alise en 2010 son premier court-m\u00e9trage, <em>L&rsquo;Envers du D\u00e9cor<\/em>. Il tourne dans de nombreux courts-m\u00e9trages tel que <em>Le Tabouret<\/em> de Lilly Moussavi et pour la t\u00e9l\u00e9vision dans diff\u00e9rents sketchs pour Canal+.<\/p>\n<p dir=\"ltr\" style=\"text-align: justify;\">En 2017, il joue dans <em>Casimir et Caroline<\/em> de \u00d6d\u00f6n von Horv\u00e1th, mise en sc\u00e8ne par J\u00e9r\u00e9my Ridel pour La compagnie Ensemble Esprits Libres au th\u00e9\u00e2tre\u00a0 de Vanves .<\/p>\n<p>&nbsp;<\/p>\n<p><span style=\"border-radius: 2px; text-indent: 20px; width: auto; padding: 0px 4px 0px 0px; text-align: center; font: bold 11px\/20px 'Helvetica Neue',Helvetica,sans-serif; color: #ffffff; background: #bd081c  no-repeat scroll 3px 50% \/ 14px 14px; position: absolute; opacity: 1; z-index: 8675309; display: none; cursor: pointer;\">Enregistrer<\/span><\/p>\n","protected":false},"excerpt":{"rendered":"<p>Apr\u00e8s un baccalaur\u00e9at litt\u00e9raire option th\u00e9\u00e2tre et un BTS en gestion de production audiovisuelle (EICAR de la Plaine Saint-Denis), il obtient en 2013 un master II \u00ab\u00a0Cin\u00e9ma et Audiovisuel\u00a0\u00bb \u00e0 l&rsquo;universit\u00e9 Paris I Panth\u00e9on-Sorbonne. Parall\u00e8lement \u00e0 ses \u00e9tudes universitaires, il suit des cours d&rsquo;art dramatique des conservatoires des Ier et XI\u00e8me arrondissement de Paris et &hellip; <a href=\"https:\/\/ciedesogres.com\/wdp1\/ugo-leonard\/\" class=\"more-link\">Continuer la lecture de <span class=\"screen-reader-text\"><\/p>\n<p style=\"text-align: center;\">Ugo L\u00e9onard<\/p>\n<p><\/span>  <span class=\"meta-nav\">&rarr;<\/span><\/a><\/p>\n","protected":false},"author":1,"featured_media":0,"parent":0,"menu_order":0,"comment_status":"closed","ping_status":"closed","template":"","meta":{"footnotes":""},"class_list":["post-141","page","type-page","status-publish","hentry"],"_links":{"self":[{"href":"https:\/\/ciedesogres.com\/wdp1\/wp-json\/wp\/v2\/pages\/141","targetHints":{"allow":["GET"]}}],"collection":[{"href":"https:\/\/ciedesogres.com\/wdp1\/wp-json\/wp\/v2\/pages"}],"about":[{"href":"https:\/\/ciedesogres.com\/wdp1\/wp-json\/wp\/v2\/types\/page"}],"author":[{"embeddable":true,"href":"https:\/\/ciedesogres.com\/wdp1\/wp-json\/wp\/v2\/users\/1"}],"replies":[{"embeddable":true,"href":"https:\/\/ciedesogres.com\/wdp1\/wp-json\/wp\/v2\/comments?post=141"}],"version-history":[{"count":9,"href":"https:\/\/ciedesogres.com\/wdp1\/wp-json\/wp\/v2\/pages\/141\/revisions"}],"predecessor-version":[{"id":956,"href":"https:\/\/ciedesogres.com\/wdp1\/wp-json\/wp\/v2\/pages\/141\/revisions\/956"}],"wp:attachment":[{"href":"https:\/\/ciedesogres.com\/wdp1\/wp-json\/wp\/v2\/media?parent=141"}],"curies":[{"name":"wp","href":"https:\/\/api.w.org\/{rel}","templated":true}]}}