{"id":139,"date":"2015-11-23T11:54:30","date_gmt":"2015-11-23T11:54:30","guid":{"rendered":"http:\/\/ciedesogres.com\/wdp1\/?page_id=139"},"modified":"2017-09-15T17:14:42","modified_gmt":"2017-09-15T17:14:42","slug":"clemence-laboureau","status":"publish","type":"page","link":"https:\/\/ciedesogres.com\/wdp1\/clemence-laboureau\/","title":{"rendered":"<p style=\"text-align: center;\">Cl\u00e9mence Laboureau<\/p>"},"content":{"rendered":"<div id=\"yui_3_16_0_ym19_1_1461587131063_16085\" style=\"text-align: justify;\"><img loading=\"lazy\" decoding=\"async\" class=\"aligncenter size-full wp-image-664\" src=\"https:\/\/ciedesogres.com\/wdp1\/wp-content\/uploads\/2015\/11\/Cl\u00e9mence-Laboureau.png\" alt=\"Cl\u00e9mence Laboureau\" width=\"180\" height=\"180\" srcset=\"https:\/\/ciedesogres.com\/wdp1\/wp-content\/uploads\/2015\/11\/Cl\u00e9mence-Laboureau.png 180w, https:\/\/ciedesogres.com\/wdp1\/wp-content\/uploads\/2015\/11\/Cl\u00e9mence-Laboureau-150x150.png 150w\" sizes=\"auto, (max-width: 180px) 100vw, 180px\" \/><\/div>\n<div style=\"text-align: justify;\"><\/div>\n<div style=\"text-align: justify;\">Apr\u00e8s un Master en Lettres Modernes \u00e0 Diderot-Paris VII et en Litt\u00e9ratures Anglophones \u00e0 La Sorbonne-Paris IV, Cl\u00e9mence suit une formation en art dramatique au Conservatoire National de R\u00e9gion de Saint-Maur, au conservatoire du Centre \u00e0 Paris puis en classe CEPIT \u00a0\u00e0 l&rsquo;ENMDAD.<\/div>\n<div style=\"text-align: justify;\"><\/div>\n<div id=\"yui_3_16_0_ym19_1_1461587131063_16087\" style=\"text-align: justify;\">Elle collabore r\u00e9guli\u00e8rement avec La Charmante compagnie sous la direction de Marie-Christine Mazzola (<em id=\"yui_3_16_0_ym19_1_1461587131063_16088\">Le temps et la chambre<\/em>\u00a0de Botho Strauss,\u00a0<em id=\"yui_3_16_0_ym19_1_1461587131063_16089\">Hiver<\/em>\u00a0de Jon Fosse,\u00a0<em id=\"yui_3_16_0_ym19_1_1461587131063_16090\">L&rsquo;entre-deux<\/em>\u00a0de Marie-Christine Mazzola,\u00a0<em id=\"yui_3_16_0_ym19_1_1461587131063_16091\">Tu trembles<\/em>\u00a0de Bruno Allain) et\u00a0<em id=\"yui_3_16_0_ym19_1_1461587131063_16092\">La bande<\/em>\u00a0de Niaismans sous la direction de L\u00e9once Henri Nlend (<em id=\"yui_3_16_0_ym19_1_1461587131063_16093\">Nous \u00e9tions assis sur le rivage du monde<\/em>\u00a0de Jos\u00e9 Pliya,\u00a0<span id=\"yui_3_16_0_ym19_1_1461587131063_16094\"><i id=\"yui_3_16_0_ym19_1_1461587131063_17589\">Big shoot<\/i><\/span>\u00a0de Koffi Kwahul\u00e9, <i id=\"yui_3_16_0_ym19_1_1461587131063_17219\">Djeuhdjoah<\/i><i id=\"yui_3_16_0_ym19_1_1461587131063_16951\">, keske tu fela<\/i> de Koffi Kwahul\u00e9).<\/div>\n<div style=\"text-align: justify;\"><\/div>\n<div id=\"yui_3_16_0_ym19_1_1461587131063_16095\" dir=\"ltr\" style=\"text-align: justify;\">En 2016-2017, elle joue dans\u00a0<em id=\"yui_3_16_0_ym19_1_1461587131063_16096\">Colonies<\/em>, performance th\u00e9\u00e2trale avec Nad\u00e8ge Cathelineau \u2013 <i id=\"yui_3_16_0_ym19_1_1461587131063_17360\">Compagnie Chiendent<\/i> ; sur\u00a0<em id=\"yui_3_16_0_ym19_1_1461587131063_16097\">L&rsquo;Atome<\/em>, th\u00e9\u00e2tre-documentaire sur le nucl\u00e9aire, avec Julien Avril \u2013 <i id=\"yui_3_16_0_ym19_1_1461587131063_17750\">Compagnie Enascor<\/i> et dans <i id=\"yui_3_16_0_ym19_1_1461587131063_17288\">La nuit porte cale\u00e7on<\/i> de Hakim Bah-<i id=\"yui_3_16_0_ym19_1_1461587131063_17745\">compagnie Paupi\u00e8res mobiles<\/i>.<\/div>\n<p>&nbsp;<\/p>\n","protected":false},"excerpt":{"rendered":"<p>Apr\u00e8s un Master en Lettres Modernes \u00e0 Diderot-Paris VII et en Litt\u00e9ratures Anglophones \u00e0 La Sorbonne-Paris IV, Cl\u00e9mence suit une formation en art dramatique au Conservatoire National de R\u00e9gion de Saint-Maur, au conservatoire du Centre \u00e0 Paris puis en classe CEPIT \u00a0\u00e0 l&rsquo;ENMDAD. Elle collabore r\u00e9guli\u00e8rement avec La Charmante compagnie sous la direction de Marie-Christine &hellip; <a href=\"https:\/\/ciedesogres.com\/wdp1\/clemence-laboureau\/\" class=\"more-link\">Continuer la lecture de <span class=\"screen-reader-text\"><\/p>\n<p style=\"text-align: center;\">Cl\u00e9mence Laboureau<\/p>\n<p><\/span>  <span class=\"meta-nav\">&rarr;<\/span><\/a><\/p>\n","protected":false},"author":1,"featured_media":0,"parent":0,"menu_order":0,"comment_status":"closed","ping_status":"closed","template":"","meta":{"footnotes":""},"class_list":["post-139","page","type-page","status-publish","hentry"],"_links":{"self":[{"href":"https:\/\/ciedesogres.com\/wdp1\/wp-json\/wp\/v2\/pages\/139","targetHints":{"allow":["GET"]}}],"collection":[{"href":"https:\/\/ciedesogres.com\/wdp1\/wp-json\/wp\/v2\/pages"}],"about":[{"href":"https:\/\/ciedesogres.com\/wdp1\/wp-json\/wp\/v2\/types\/page"}],"author":[{"embeddable":true,"href":"https:\/\/ciedesogres.com\/wdp1\/wp-json\/wp\/v2\/users\/1"}],"replies":[{"embeddable":true,"href":"https:\/\/ciedesogres.com\/wdp1\/wp-json\/wp\/v2\/comments?post=139"}],"version-history":[{"count":7,"href":"https:\/\/ciedesogres.com\/wdp1\/wp-json\/wp\/v2\/pages\/139\/revisions"}],"predecessor-version":[{"id":666,"href":"https:\/\/ciedesogres.com\/wdp1\/wp-json\/wp\/v2\/pages\/139\/revisions\/666"}],"wp:attachment":[{"href":"https:\/\/ciedesogres.com\/wdp1\/wp-json\/wp\/v2\/media?parent=139"}],"curies":[{"name":"wp","href":"https:\/\/api.w.org\/{rel}","templated":true}]}}