{"id":137,"date":"2015-11-23T11:53:20","date_gmt":"2015-11-23T11:53:20","guid":{"rendered":"http:\/\/ciedesogres.com\/wdp1\/?page_id=137"},"modified":"2017-09-15T17:14:41","modified_gmt":"2017-09-15T17:14:41","slug":"alexandre-guanse","status":"publish","type":"page","link":"https:\/\/ciedesogres.com\/wdp1\/alexandre-guanse\/","title":{"rendered":"<p style=\"text-align: center;\">Alexandre Guans\u00e9<\/p>"},"content":{"rendered":"<p style=\"text-align: justify;\"><img loading=\"lazy\" decoding=\"async\" class=\"aligncenter size-full wp-image-520\" src=\"https:\/\/ciedesogres.com\/wdp1\/wp-content\/uploads\/2015\/11\/Alexandre-Guans\u00e9-280p.jpg\" alt=\"Alexandre Guans\u00e9\" width=\"280\" height=\"280\" srcset=\"https:\/\/ciedesogres.com\/wdp1\/wp-content\/uploads\/2015\/11\/Alexandre-Guans\u00e9-280p.jpg 280w, https:\/\/ciedesogres.com\/wdp1\/wp-content\/uploads\/2015\/11\/Alexandre-Guans\u00e9-280p-150x150.jpg 150w\" sizes=\"auto, (max-width: 280px) 100vw, 280px\" \/><\/p>\n<p style=\"text-align: justify;\">Alexandre Guans\u00e9 s&rsquo;est form\u00e9 au cours <em>Jean-Laurent Cochet<\/em>.\u00a0Passionn\u00e9 par Shakespeare, il a suivi r\u00e9guli\u00e8rement des stages avec <em>Patsy Rodenburg<\/em> \u00e0 New York et a \u00e9t\u00e9 s\u00e9lectionn\u00e9 comme <em>International Actor Fellow<\/em> au <em>Shakespeare&rsquo;s Globe Theatre<\/em> \u00e0 Londres en 2015.<\/p>\n<p style=\"text-align: justify;\">Il a travaill\u00e9 r\u00e9guli\u00e8rement sous la direction d&rsquo;Arnaud Denis (<em>Les Femmes Savantes<\/em> et <em>Les\u00a0Fourberies de Scapin<\/em> de Moli\u00e8re, <em>La Cantatrice Chauve<\/em> de Ionesco, <em>L&rsquo;Ing\u00e9nu <\/em>d&rsquo;apr\u00e8s le conte de Voltaire).<\/p>\n<p style=\"text-align: justify;\">Il a \u00e9galement jou\u00e9 dans <em>La Parisienne<\/em> de Henry Becque mise en sc\u00e8ne de Didier Long<em>, Les Caprices de Marianne<\/em> d&rsquo;Alfred de Musset sous la direction de Catherine Brieux et dans <em>Les Fables de la Fontaine<\/em> par Jean Laurent Cochet.<\/p>\n<p style=\"text-align: justify;\"><em>Talent Cannes Adami<\/em>, on a pu le voir au cin\u00e9ma dans <em>Cloclo<\/em> de Florent-Emilio Siri et dans <em>Coco\u00a0Chanel\u00a0&amp; Igor Stravinsky<\/em> de Jan Kouen.<\/p>\n<p>&nbsp;<\/p>\n","protected":false},"excerpt":{"rendered":"<p>Alexandre Guans\u00e9 s&rsquo;est form\u00e9 au cours Jean-Laurent Cochet.\u00a0Passionn\u00e9 par Shakespeare, il a suivi r\u00e9guli\u00e8rement des stages avec Patsy Rodenburg \u00e0 New York et a \u00e9t\u00e9 s\u00e9lectionn\u00e9 comme International Actor Fellow au Shakespeare&rsquo;s Globe Theatre \u00e0 Londres en 2015. Il a travaill\u00e9 r\u00e9guli\u00e8rement sous la direction d&rsquo;Arnaud Denis (Les Femmes Savantes et Les\u00a0Fourberies de Scapin de &hellip; <a href=\"https:\/\/ciedesogres.com\/wdp1\/alexandre-guanse\/\" class=\"more-link\">Continuer la lecture de <span class=\"screen-reader-text\"><\/p>\n<p style=\"text-align: center;\">Alexandre Guans\u00e9<\/p>\n<p><\/span>  <span class=\"meta-nav\">&rarr;<\/span><\/a><\/p>\n","protected":false},"author":1,"featured_media":0,"parent":0,"menu_order":0,"comment_status":"closed","ping_status":"closed","template":"","meta":{"footnotes":""},"class_list":["post-137","page","type-page","status-publish","hentry"],"_links":{"self":[{"href":"https:\/\/ciedesogres.com\/wdp1\/wp-json\/wp\/v2\/pages\/137","targetHints":{"allow":["GET"]}}],"collection":[{"href":"https:\/\/ciedesogres.com\/wdp1\/wp-json\/wp\/v2\/pages"}],"about":[{"href":"https:\/\/ciedesogres.com\/wdp1\/wp-json\/wp\/v2\/types\/page"}],"author":[{"embeddable":true,"href":"https:\/\/ciedesogres.com\/wdp1\/wp-json\/wp\/v2\/users\/1"}],"replies":[{"embeddable":true,"href":"https:\/\/ciedesogres.com\/wdp1\/wp-json\/wp\/v2\/comments?post=137"}],"version-history":[{"count":8,"href":"https:\/\/ciedesogres.com\/wdp1\/wp-json\/wp\/v2\/pages\/137\/revisions"}],"predecessor-version":[{"id":154,"href":"https:\/\/ciedesogres.com\/wdp1\/wp-json\/wp\/v2\/pages\/137\/revisions\/154"}],"wp:attachment":[{"href":"https:\/\/ciedesogres.com\/wdp1\/wp-json\/wp\/v2\/media?parent=137"}],"curies":[{"name":"wp","href":"https:\/\/api.w.org\/{rel}","templated":true}]}}