{"id":135,"date":"2015-11-23T11:51:05","date_gmt":"2015-11-23T11:51:05","guid":{"rendered":"http:\/\/ciedesogres.com\/wdp1\/?page_id=135"},"modified":"2020-06-24T15:57:37","modified_gmt":"2020-06-24T15:57:37","slug":"yann-verburgh","status":"publish","type":"page","link":"https:\/\/ciedesogres.com\/wdp1\/yann-verburgh\/","title":{"rendered":"<p style=\"text-align: center;\">Yann Verburgh<\/p>"},"content":{"rendered":"\n<div class=\"wp-block-image\"><figure class=\"aligncenter\"><img loading=\"lazy\" decoding=\"async\" width=\"600\" height=\"416\" src=\"https:\/\/ciedesogres.com\/wdp1\/wp-content\/uploads\/2019\/09\/Yann-Verburgh-5.jpg\" alt=\"\" class=\"wp-image-1663\" srcset=\"https:\/\/ciedesogres.com\/wdp1\/wp-content\/uploads\/2019\/09\/Yann-Verburgh-5.jpg 600w, https:\/\/ciedesogres.com\/wdp1\/wp-content\/uploads\/2019\/09\/Yann-Verburgh-5-300x208.jpg 300w\" sizes=\"auto, (max-width: 600px) 100vw, 600px\" \/><\/figure><\/div>\n\n\n\n<p>Apr\u00e8s  un bref passage \u00e0 l\u2019\u00c9cole des Hautes \u00c9tudes en sciences de  l\u2019information et de la communication de la Sorbonne, Yann Verburgh  se consacre au th\u00e9\u00e2tre. Auteur et dramaturge, il collabore  r\u00e9guli\u00e8rement avec le metteur en sc\u00e8ne roumain <a rel=\"noreferrer noopener\" aria-label=\"Eugen Jebeleanu (s\u2019ouvre dans un nouvel onglet)\" href=\"https:\/\/ciedesogres.com\/wdp1\/eugen-jebeleanu\/\" target=\"_blank\">Eugen Jebeleanu<\/a>, avec  lequel il fonde deux compagnies, la Cie 28, en Roumanie, et la Cie des  Ogres, en France.\u00a0Ses  pi\u00e8ces sont publi\u00e9es chez Quartett Editions et aux Solitaires  Intempestifs, traduites et jou\u00e9es en plusieurs langues, lues \u00e0 la  Com\u00e9die Fran\u00e7aise, mises en ondes sur France Culture, distingu\u00e9es par de  nombreux prix et bourses, et sont adapt\u00e9es en op\u00e9ra. En  2020, il est\u00a0dipl\u00f4m\u00e9\u00a0d&rsquo;un  Master de sc\u00e9nariste, en formation continue \u00e0 la F\u00e9mis &#8211; \u00c9cole  nationale sup\u00e9rieure des m\u00e9tiers de l&rsquo;image et du son &#8211; o\u00f9 il \u00e9crit son  premier sc\u00e9nario de long m\u00e9trage, <em>Rester Humain<\/em>.\u00a0<\/p>\n\n\n\n<p>Il  r\u00e9pond \u00e0 des commandes d\u2019\u00e9critures, notamment pour les Centres  dramatiques nationaux de Caen, Valence, B\u00e9thune et pour le Conseil  d\u00e9partemental de la Saine-Saint-Denis, et collabore en tant que  dramaturge avec l&rsquo;Op\u00e9ra national de Lyon.\u00a0Il  est accueilli en r\u00e9sidence d\u2019\u00e9criture \u00e0 la Chartreuse de Villeneuve lez  Avignon, au Moulin du Marais de Lezay, au Festival Univers des mots \u00e0  Conakry en Guin\u00e9e, participe \u00e0 des rencontres internationales d\u2019auteurs \u00e0  la Salla Becket de Barcelone, au Festival  Interplay Europe en Su\u00e8de et en Lettonie, avec le soutien de la SACD.\u00a0<\/p>\n\n\n\n<p> Yann  Verburgh \u00e9crit la plupart de ses pi\u00e8ces en contact direct avec les  publics, \u00e0 partir d\u2019un travail d\u2019enqu\u00eate, de r\u00e9colte de paroles et de  documentation, abordant  des sujets tels que l\u2019homophobie, l\u2019obsolescence programm\u00e9e, la gestion  des d\u00e9chets radio-actifs, la transition \u00e9cologique, le r\u00f4le du conte  dans la construction identitaire face au genre, le harc\u00e8lement  scolaire&#8230;<\/p>\n\n\n\n<p>En  tant qu\u2019acteur, il joue dans une douzaine de spectacles entre 2004 et  aujourd\u2019hui, et re\u00e7oit deux prix d\u2019interpr\u00e9tation, \u00e0 Madrid en 2018 et \u00e0  Varsovie en  2019, pour son r\u00f4le dans le long m\u00e9trage d&rsquo;Olivier Nolin,\u00a0<em>Ombres  et Lumi\u00e8res<\/em>.<span style=\"font-family: Helvetica, serif;\"><span style=\"font-size: medium;\"><\/span><span style=\"font-family: Helvetica, serif;\"><span style=\"font-size: medium;\"><\/span><\/p>\n\n\n\n<p>Il a notamment \u00e9crit, entre 2014 et aujourd&rsquo;hui :<\/p>\n\n\n\n<p><strong><em><a href=\"https:\/\/ciedesogres.com\/wdp1\/resume\/\" target=\"_blank\" rel=\"noreferrer noopener\" aria-label=\"Ogres (s\u2019ouvre dans un nouvel onglet)\">Ogres<\/a><\/em><\/strong>, Quartett \u00c9ditions, laur\u00e9at Beaumarchais-SACD, du CnT, du CNL et de l\u2019appel \u00e0\u00a0projet de la FATP, Prix du Souffleur, finaliste du Prix d\u2019\u00e9criture th\u00e9\u00e2trale de Gu\u00e9rande, Coup de c\u0153ur du Bureau des lecteurs de la Com\u00e9die Fran\u00e7aise, adapt\u00e9 en op\u00e9ra dans la cadre d&rsquo;une bourse de l&rsquo;Etat autrichien. M.e.s. Eugen Jebeleanu, Cie des Ogres.<\/p>\n\n\n\n<p><strong><em>La neige est de plus en plus noire au Groenland<\/em><\/strong>, Quartett \u00c9ditions, Prix du Jury au Printemps des In\u00e9dits, finaliste du Prix Godot 2017, Coup de c\u0153ur du public de la Com\u00e9die Fran\u00e7aise. Mise en ondes sur France Culture, r\u00e9al. Jean-Matthieu Zahnd.<\/p>\n\n\n\n<p><strong><em>H.S. trag\u00e9dies ordinaires<\/em><\/strong>, Quartett \u00c9ditions, avec le soutien de la Chartreuse, de Th\u00e9\u00e2tre Ouvert, de la SACD et de Sc\u00e8nes d\u2019enfance &#8211; ASSITEJ France, laur\u00e9at du Prix Scenic Youth 18 de la Com\u00e9die de Bethune-CDN, adapt\u00e9 en op\u00e9ra dans une co-production internationale ENOA. M.e.s. Alexandra Lacroix et programm\u00e9 \u00e0 Aix en juin, Festival d&rsquo;Aix en Provence 2020.<\/p>\n\n\n\n<p><strong><em>500 m\u00e8tres<\/em><\/strong>, Ed. Les Solitaires Intempestifs,\u00a0commande de la Cie Les Sens des Mots. Mise en ondes sur France Culture, r\u00e9al. Jean-Matthieu Zahnd.<\/p>\n\n\n\n<p><strong><em>Les R\u00e8gles du Jeu<\/em><\/strong>, Ed. Les Solitaires Intempestifs, commande d\u2019\u00e9criture jeune public du Conseil d\u00e9partemental de la Seine-Saint-Denis. M.e.s. Lorraine de Sagazan, Cie La Br\u00e8che<\/p>\n\n\n\n<p><strong><em><a href=\"https:\/\/ciedesogres.com\/wdp1\/digital-natives\/\" target=\"_blank\" rel=\"noreferrer noopener\" aria-label=\"Digital Natives (s\u2019ouvre dans un nouvel onglet)\">Digital Natives<\/a><\/em><\/strong>, Ed. Les Solitaires Intempestifs, commande d\u2019\u00e9criture jeune public de la Com\u00e9die de Valence-CDN. M.e.s. E. Jebeleanu.<\/p>\n\n\n\n<p><strong><em><a href=\"https:\/\/ciedesogres.com\/wdp1\/remission\/\" target=\"_blank\" rel=\"noreferrer noopener\" aria-label=\"R\u00e9mission (s\u2019ouvre dans un nouvel onglet)\">R\u00e9mission<\/a><\/em><\/strong>, commande de la Com\u00e9die de Caen-CDN et paru dans sa collection Portrait de Vie &#8211; \u00c9critures partag\u00e9es. M.e.s. E. Jebeleanu<\/p>\n\n\n\n<p><strong><em><a rel=\"noreferrer noopener\" aria-label=\"ITIN\u00c9RAIRES un jour le monde changera (s\u2019ouvre dans un nouvel onglet)\" href=\"https:\/\/ciedesogres.com\/wdp1\/resume-3\/\" target=\"_blank\">ITIN\u00c9RAIRES un jour le monde changera<\/a><\/em><\/strong>, spectacle labellis\u00e9 par la Saison Crois\u00e9e\u00a0France-Roumanie de l&rsquo;Institut Fran\u00e7ais. M.e.s. E. Jebeleanu, Cie des Ogres, nomm\u00e9 meilleure mise en sc\u00e8ne aux Prix UNITER, en Roumanie.\u00a0 <\/p>\n\n\n\n<p><strong><em>Le Retour<\/em><\/strong>, commande d&rsquo;\u00e9criture jeune public de la Com\u00e9die de B\u00e9thune-CDN. M.e.s.\u00a0No\u00e9mie Rosenblatt.<\/p>\n\n\n\n<p><strong><em> <\/em><\/strong><strong><em>ALICE<\/em><\/strong>,  commande d\u2019\u00e9criture jeune public du Th\u00e9\u00e2tre Gong de Sibiu. M.e.s. E. Jebeleanu.<\/p>\n\n\n\n<p><strong><em><a href=\"https:\/\/ciedesogres.com\/wdp1\/resume-2\/\" target=\"_blank\" rel=\"noreferrer noopener\" aria-label=\"Puisqu'il faudra bien qu\u2019on s\u2019aime (s\u2019ouvre dans un nouvel onglet)\">Puisqu&rsquo;il faudra bien qu\u2019on s\u2019aime<\/a><\/em><\/strong>, commande du collectif \u00c0 mots d\u00e9couverts.<\/p>\n\n\n\n<p>Yann Verburgh est \u00e9galement membre du collectif  d\u2019autrices et d\u2019auteurs Traverse, fond\u00e9 \u00e0 la Chartreuse, avec lequel il r\u00e9pond \u00e0 plusieurs commandes d\u2019\u00e9critures, dont\u00a0<strong><em>Pavillon  Noir<\/em><\/strong>, cr\u00e9ation du Collectif Os\u2019o. <span style=\"border-radius: 2px; text-indent: 20px; width: auto; padding: 0px 4px 0px 0px; text-align: center; font: bold 11px\/20px 'Helvetica Neue',Helvetica,sans-serif; color: #ffffff; background: #bd081c no-repeat scroll 3px 50% \/ 14px 14px; position: absolute; opacity: 1; z-index: 8675309; display: none; cursor: pointer; top: 27px; left: 117px;\">Enregistrer<\/span><\/p>\n","protected":false},"excerpt":{"rendered":"<p>Apr\u00e8s un bref passage \u00e0 l\u2019\u00c9cole des Hautes \u00c9tudes en sciences de l\u2019information et de la communication de la Sorbonne, Yann Verburgh se consacre au th\u00e9\u00e2tre. Auteur et dramaturge, il collabore r\u00e9guli\u00e8rement avec le metteur en sc\u00e8ne roumain Eugen Jebeleanu, avec lequel il fonde deux compagnies, la Cie 28, en Roumanie, et la Cie des &hellip; <a href=\"https:\/\/ciedesogres.com\/wdp1\/yann-verburgh\/\" class=\"more-link\">Continuer la lecture de <span class=\"screen-reader-text\"><\/p>\n<p style=\"text-align: center;\">Yann Verburgh<\/p>\n<p><\/span>  <span class=\"meta-nav\">&rarr;<\/span><\/a><\/p>\n","protected":false},"author":1,"featured_media":0,"parent":0,"menu_order":0,"comment_status":"closed","ping_status":"closed","template":"","meta":{"footnotes":""},"class_list":["post-135","page","type-page","status-publish","hentry"],"_links":{"self":[{"href":"https:\/\/ciedesogres.com\/wdp1\/wp-json\/wp\/v2\/pages\/135","targetHints":{"allow":["GET"]}}],"collection":[{"href":"https:\/\/ciedesogres.com\/wdp1\/wp-json\/wp\/v2\/pages"}],"about":[{"href":"https:\/\/ciedesogres.com\/wdp1\/wp-json\/wp\/v2\/types\/page"}],"author":[{"embeddable":true,"href":"https:\/\/ciedesogres.com\/wdp1\/wp-json\/wp\/v2\/users\/1"}],"replies":[{"embeddable":true,"href":"https:\/\/ciedesogres.com\/wdp1\/wp-json\/wp\/v2\/comments?post=135"}],"version-history":[{"count":19,"href":"https:\/\/ciedesogres.com\/wdp1\/wp-json\/wp\/v2\/pages\/135\/revisions"}],"predecessor-version":[{"id":1814,"href":"https:\/\/ciedesogres.com\/wdp1\/wp-json\/wp\/v2\/pages\/135\/revisions\/1814"}],"wp:attachment":[{"href":"https:\/\/ciedesogres.com\/wdp1\/wp-json\/wp\/v2\/media?parent=135"}],"curies":[{"name":"wp","href":"https:\/\/api.w.org\/{rel}","templated":true}]}}