{"id":132,"date":"2015-11-23T11:49:23","date_gmt":"2015-11-23T11:49:23","guid":{"rendered":"http:\/\/ciedesogres.com\/wdp1\/?page_id=132"},"modified":"2026-02-07T11:54:33","modified_gmt":"2026-02-07T10:54:33","slug":"eugen-jebeleanu","status":"publish","type":"page","link":"https:\/\/ciedesogres.com\/wdp1\/eugen-jebeleanu\/","title":{"rendered":"<p style=\"text-align: center;\">Eugen Jebeleanu<\/p>"},"content":{"rendered":"<div class=\"wp-block-image\">\n<figure class=\"aligncenter\"><img loading=\"lazy\" decoding=\"async\" width=\"600\" height=\"399\" src=\"https:\/\/ciedesogres.com\/wdp1\/wp-content\/uploads\/2019\/09\/Eugen-Jebeleanu-9.jpg\" alt=\"\" class=\"wp-image-1664\" srcset=\"https:\/\/ciedesogres.com\/wdp1\/wp-content\/uploads\/2019\/09\/Eugen-Jebeleanu-9.jpg 600w, https:\/\/ciedesogres.com\/wdp1\/wp-content\/uploads\/2019\/09\/Eugen-Jebeleanu-9-300x200.jpg 300w\" sizes=\"auto, (max-width: 600px) 100vw, 600px\" \/><\/figure><\/div>\n\n\n<p><strong>Eugen Jebeleanu<\/strong> est un metteur en sc\u00e8ne, r\u00e9alisateur et acteur roumain. Il met en sc\u00e8ne des fables qui traitent des questions de soci\u00e9t\u00e9, des sujets politiques et sociaux, afin d\u2019interroger les notions de normes sociales, d\u2019identit\u00e9 et de libert\u00e9. De fait, sa d\u00e9marche artistique consiste \u00e0 donner voix \u00e0 des individus anonymes, des non-h\u00e9ros qui n\u2019appartiennent pas \u00e0 la majorit\u00e9 et qui n\u2019adh\u00e8rent pas \u00e0 la \u00ab culture dominante \u00bb, construisant un th\u00e9\u00e2tre ouvert aux voix minoritaires, \u00e0 ce qui est en marge, aux r\u00e9voltes contre des syst\u00e8mes qui oppriment nos initiatives, afin d\u2019affirmer notre libert\u00e9 d\u2019expression.<\/p>\n\n\n\n<p>Au th\u00e9\u00e2tre, il travaille entre la Roumanie, la France et l\u2019Allemagne depuis 2010, notamment au Th\u00e9\u00e2tre National de Bucarest, au Th\u00e9\u00e2tre National de Sibiu, \u00e0 l\u2019Odeon de Bucarest, au Th\u00e9\u00e2tre Ouvert \u00e0 Paris, \u00e0 la Com\u00e9die de Valence, \u00e0 La Com\u00e9die de Caen o\u00f9 au Schauspiel Stuttgart, o\u00f9 il met en sc\u00e8ne des textes d\u2019Anton Tchekhov, Arthur Miller, Lars Noren, Yann Verburgh, R.W. Fassbinder, Dea Loher, Jean-Luc Lagarce, \u00c9douard Louis etc.<\/p>\n\n\n\n<p>Ses spectacles ont \u00e9t\u00e9 pr\u00e9sent\u00e9s dans des festivals tels que le Festival international de th\u00e9\u00e2tre de Sibiu, le Festival Paris l\u2019\u00c9t\u00e9, le Festival international de th\u00e9\u00e2tre Kontakt en Pologne ou le Festival Chantiers d\u2019Europe du Th\u00e9\u00e2tre de la Ville.<\/p>\n\n\n\n<p>En 2020, il re\u00e7oit le Prix UNITER de la meilleure mise en sc\u00e8ne en Roumanie pour \u00abItin\u00e9raires. Un jour le monde changera\u00bb de Yann Verburgh.<\/p>\n\n\n\n<p>Au cin\u00e9ma, il r\u00e9alise \u00e0 Bucarest le long-m\u00e9trage \u00abPoppy Field\u00bb (Icon Production), s\u00e9lectionn\u00e9 dans plus de 50 festivals de films \u00e0 travers le monde et r\u00e9compens\u00e9 par de nombreux prix internationaux, dont le Prix de la meilleure r\u00e9alisation au TIFF de Cluj-Napoca, le Prix de la meilleure premi\u00e8re oeuvre au Festival International du Film Francophone de Namur, le Prix du meilleur premier film aux Prix Gopo, ainsi que d\u2019autres distinctions en Ukraine, Serbie, Espagne, Italie, Norv\u00e8ge, Uruguay, etc. Son deuxi\u00e8me long-m\u00e9trage, \u00ab<em>Internal Zero<\/em>\u00bb (Icon Production) a \u00e9t\u00e9 s\u00e9lectionn\u00e9 au SMART7, un r\u00e9seau europ\u00e9en de festivals de cin\u00e9ma. Actuellement, il travaille \u00e0 son prochain long-m\u00e9trage, \u00ab<em>Le Prix de l\u2019Or<\/em>\u00bb.<\/p>\n\n\n\n<p>\u00c0 l\u2019op\u00e9ra, il met en sc\u00e8ne \u00abI was looking at the ceiling and then i saw the sky\u00bb de John Adams en 2020, et \u00abLes noces de Figaro\u00bb de Mozart en 2023, produits par l\u2019Op\u00e9ra national de Lyon.<\/p>\n\n\n\n<p>En 2021, il finit sa th\u00e8se de doctorat sur le th\u00e8me du \u00abTh\u00e9\u00e2tre de la contrainte\u00bb \u00e0 l\u2019Universit\u00e9 de Sibiu, et depuis cette ann\u00e9e, il enseigne le jeu d\u2019acteur \u00e0 l\u2019Universit\u00e9 nationale de th\u00e9\u00e2tre et de cin\u00e9ma de Bucarest ou \u00e0 l\u2019Universit\u00e9 de Sibiu. Il a aussi anim\u00e9 des ateliers \u00e0 l\u2019\u00c9cole sup\u00e9rieure de th\u00e9\u00e2tre de l\u2019Union, \u00e0 l\u2019\u00c9cole sup\u00e9rieure d\u2019art dramatique de Paris, au Conservatoire national sup\u00e9rieur d\u2019art dramatique, \u00e0 l\u2019\u00c9cole sup\u00e9rieure de th\u00e9\u00e2tre de Bordeaux-Aquitaine, ainsi qu\u2019\u00e0 la Hochschule f\u00fcr Musik und Darstellende Kunst de Stuttgart.<\/p>\n\n\n\n<p>Il est \u00e9galement l\u2019auteur de plusieurs de ses cr\u00e9ations, dont notamment \u00abLe prix de l\u2019or\u00bb, et co-dirige avec Yann Verburgh la Cie des Ogres depuis 2017.&nbsp;<\/p><p><\/p>\n\n\n\n<p><span style=\"border-radius: 2px; text-indent: 20px; width: auto; padding: 0px 4px 0px 0px; text-align: center; font: bold 11px\/20px 'Helvetica Neue',Helvetica,sans-serif; color: #ffffff; background: #bd081c no-repeat scroll 3px 50% \/ 14px 14px; position: absolute; opacity: 1; z-index: 8675309; display: none; cursor: pointer;\">Enregistrer<\/span><\/p>\n\n\n\n<p><span style=\"border-radius: 2px; text-indent: 20px; width: auto; padding: 0px 4px 0px 0px; text-align: center; font: bold 11px\/20px 'Helvetica Neue',Helvetica,sans-serif; color: #ffffff; background: #bd081c no-repeat scroll 3px 50% \/ 14px 14px; position: absolute; opacity: 1; z-index: 8675309; display: none; cursor: pointer;\">Enregistrer<\/span><\/p>\n\n\n\n<p><span style=\"border-radius: 2px; text-indent: 20px; width: auto; padding: 0px 4px 0px 0px; text-align: center; font: bold 11px\/20px 'Helvetica Neue',Helvetica,sans-serif; color: #ffffff; background: #bd081c no-repeat scroll 3px 50% \/ 14px 14px; position: absolute; opacity: 1; z-index: 8675309; display: none; cursor: pointer; top: 27px; left: 117px;\">Enregistrer<\/span><\/p>\n\n\n\n<p><span style=\"border-radius: 2px; text-indent: 20px; width: auto; padding: 0px 4px 0px 0px; text-align: center; font: bold 11px\/20px 'Helvetica Neue',Helvetica,sans-serif; color: #ffffff; background: #bd081c no-repeat scroll 3px 50% \/ 14px 14px; position: absolute; opacity: 1; z-index: 8675309; display: none; cursor: pointer;\">Enregistrer<\/span><\/p>\n\n\n\n<p><span style=\"border-radius: 2px; text-indent: 20px; width: auto; padding: 0px 4px 0px 0px; text-align: center; font: bold 11px\/20px 'Helvetica Neue',Helvetica,sans-serif; color: #ffffff; background: #bd081c no-repeat scroll 3px 50% \/ 14px 14px; position: absolute; opacity: 1; z-index: 8675309; display: none; cursor: pointer;\">Enregistrer<\/span><\/p>\n\n\n\n<p><span style=\"border-radius: 2px; text-indent: 20px; width: auto; padding: 0px 4px 0px 0px; text-align: center; font: bold 11px\/20px 'Helvetica Neue',Helvetica,sans-serif; color: #ffffff; background: #bd081c no-repeat scroll 3px 50% \/ 14px 14px; position: absolute; opacity: 1; z-index: 8675309; display: none; cursor: pointer; top: 27px; left: 117px;\">Enregistrer<\/span><\/p>\n\n\n\n<p><span style=\"border-radius: 2px; text-indent: 20px; width: auto; padding: 0px 4px 0px 0px; text-align: center; font: bold 11px\/20px 'Helvetica Neue',Helvetica,sans-serif; color: #ffffff; background: #bd081c no-repeat scroll 3px 50% \/ 14px 14px; position: absolute; opacity: 1; z-index: 8675309; display: none; cursor: pointer;\">Enregistrer<\/span><\/p>\n\n\n\n<p><span style=\"border-radius: 2px; text-indent: 20px; width: auto; padding: 0px 4px 0px 0px; text-align: center; font: bold 11px\/20px 'Helvetica Neue',Helvetica,sans-serif; color: #ffffff; background: #bd081c  no-repeat scroll 3px 50% \/ 14px 14px; position: absolute; opacity: 1; z-index: 8675309; display: none; cursor: pointer;\">Enregistrer<\/span><\/p>\n\n\n\n<p><span style=\"border-radius: 2px; text-indent: 20px; width: auto; padding: 0px 4px 0px 0px; text-align: center; font: bold 11px\/20px 'Helvetica Neue',Helvetica,sans-serif; color: #ffffff; background: #bd081c  no-repeat scroll 3px 50% \/ 14px 14px; position: absolute; opacity: 1; z-index: 8675309; display: none; cursor: pointer;\">Enregistrer<\/span><\/p>\n","protected":false},"excerpt":{"rendered":"<p>Eugen Jebeleanu est un metteur en sc\u00e8ne, r\u00e9alisateur et acteur roumain. Il met en sc\u00e8ne des fables qui traitent des questions de soci\u00e9t\u00e9, des sujets politiques et sociaux, afin d\u2019interroger les notions de normes sociales, d\u2019identit\u00e9 et de libert\u00e9. De fait, sa d\u00e9marche artistique consiste \u00e0 donner voix \u00e0 des individus anonymes, des non-h\u00e9ros qui &hellip; <a href=\"https:\/\/ciedesogres.com\/wdp1\/eugen-jebeleanu\/\" class=\"more-link\">Continuer la lecture de <span class=\"screen-reader-text\"><\/p>\n<p style=\"text-align: center;\">Eugen Jebeleanu<\/p>\n<p><\/span>  <span class=\"meta-nav\">&rarr;<\/span><\/a><\/p>\n","protected":false},"author":1,"featured_media":0,"parent":0,"menu_order":0,"comment_status":"closed","ping_status":"closed","template":"","meta":{"footnotes":""},"class_list":["post-132","page","type-page","status-publish","hentry"],"_links":{"self":[{"href":"https:\/\/ciedesogres.com\/wdp1\/wp-json\/wp\/v2\/pages\/132","targetHints":{"allow":["GET"]}}],"collection":[{"href":"https:\/\/ciedesogres.com\/wdp1\/wp-json\/wp\/v2\/pages"}],"about":[{"href":"https:\/\/ciedesogres.com\/wdp1\/wp-json\/wp\/v2\/types\/page"}],"author":[{"embeddable":true,"href":"https:\/\/ciedesogres.com\/wdp1\/wp-json\/wp\/v2\/users\/1"}],"replies":[{"embeddable":true,"href":"https:\/\/ciedesogres.com\/wdp1\/wp-json\/wp\/v2\/comments?post=132"}],"version-history":[{"count":29,"href":"https:\/\/ciedesogres.com\/wdp1\/wp-json\/wp\/v2\/pages\/132\/revisions"}],"predecessor-version":[{"id":20860,"href":"https:\/\/ciedesogres.com\/wdp1\/wp-json\/wp\/v2\/pages\/132\/revisions\/20860"}],"wp:attachment":[{"href":"https:\/\/ciedesogres.com\/wdp1\/wp-json\/wp\/v2\/media?parent=132"}],"curies":[{"name":"wp","href":"https:\/\/api.w.org\/{rel}","templated":true}]}}