{"id":105,"date":"2015-11-23T11:14:13","date_gmt":"2015-11-23T11:14:13","guid":{"rendered":"http:\/\/ciedesogres.com\/wdp1\/?page_id=105"},"modified":"2017-11-13T13:45:24","modified_gmt":"2017-11-13T13:45:24","slug":"gautier-boxebeld","status":"publish","type":"page","link":"https:\/\/ciedesogres.com\/wdp1\/gautier-boxebeld\/","title":{"rendered":"<p style=\"text-align: center;\">Gautier Boxebeld<\/p>"},"content":{"rendered":"<p style=\"text-align: justify;\"><img loading=\"lazy\" decoding=\"async\" class=\"aligncenter wp-image-518\" src=\"https:\/\/ciedesogres.com\/wdp1\/wp-content\/uploads\/2015\/11\/Gautier-Boxebeld-280p.jpg\" alt=\"Gautier Boxebeld\" width=\"280\" height=\"280\" srcset=\"https:\/\/ciedesogres.com\/wdp1\/wp-content\/uploads\/2015\/11\/Gautier-Boxebeld-280p.jpg 280w, https:\/\/ciedesogres.com\/wdp1\/wp-content\/uploads\/2015\/11\/Gautier-Boxebeld-280p-150x150.jpg 150w\" sizes=\"auto, (max-width: 280px) 100vw, 280px\" \/><\/p>\n<p style=\"text-align: justify;\">Apr\u00e8s un master en management \u00e0 l\u2019\u00c9cole Sup\u00e9rieure de Commerce de Paris (ESCP-Europe), Gautier Boxebeld d\u00e9cide de se consacrer au th\u00e9\u00e2tre suite \u00e0 sa participation aux Rencontres Internationales de Th\u00e9\u00e2tre de Haute-Corse dirig\u00e9es par Robin Renucci. <\/p>\n<p>Il poursuit sa formation d&rsquo;acteur d&rsquo;abord \u00e0 l&rsquo;EDT 91 o\u00f9 il obtient un D\u00eeplome d&rsquo;\u00c9tude Th\u00e9\u00e2trale, puis au cours de diff\u00e9rents stages\/workshops avec Thomas Ostermeier, Fabrice Murgia, Mariano Pensotti, Stanislas Nordey, Les Chiens de Navarre, Yves-No\u00ebl Genod, Philippe Adrien&#8230; Il participe \u00e9galement \u00e0 L&rsquo;\u00c9cole des Ma\u00eetres 2015 avec le metteur en sc\u00e8ne croate Ivica Buljan.<\/p>\n<p style=\"text-align: justify;\">Il a travaill\u00e9 sous la direction d&rsquo;Eugen Jebeleanu (<em>Ogres<\/em> de Y.Verburgh), Nicolas Kerszenbaum (<em>Swann s&rsquo;inclina poliment<\/em> d&rsquo;apr\u00e8s M.Proust), Hala Ghosn (<em>L&rsquo;Avare<\/em> de Moli\u00e8re), Ivica Buljan (<em>Le Capital<\/em> d&rsquo;apr\u00e8s T.Piketty<em>),<\/em> Bruno Bonjean (<em>Et dans le trou de mon coeur le monde entier<\/em> de S.Cotton), Elise Truchard (<em>Faire un feu<\/em>), John Adams (<em>Hamlet<\/em> de W.Shakespeare), Antoine Caubet (<em>L&rsquo;enfant r\u00eave<\/em> de H.Levin), Mathieu Touz\u00e9 (<em>Autour de ma pierre il ne fera pas nuit<\/em> de F.Melchiot), le collectif NOSE, le collectif Oh! sur des spectacles tourn\u00e9s en France et \u00e0 l&rsquo;\u00e9tranger. <\/p>\n<p>Il est \u00e9galement assistant \u00e0 la mise en sc\u00e8ne de Nicolas Kerszenbaum sur les cr\u00e9ations de la compagnie Franchement, tu. Au cin\u00e9ma, il a tourn\u00e9 r\u00e9cemment pour Cyprien Vial dans <em>Embrasse moi!<\/em> et <em>B\u00e9b\u00e9 Tigre<\/em>.<\/p>\n<p style=\"text-align: justify;\">\u00a0<\/p>\n<p><span style=\"border-radius: 2px; text-indent: 20px; width: auto; padding: 0px 4px 0px 0px; text-align: center; font: bold 11px\/20px 'Helvetica Neue',Helvetica,sans-serif; color: #ffffff; background: #bd081c  no-repeat scroll 3px 50% \/ 14px 14px; position: absolute; opacity: 1; z-index: 8675309; display: none; cursor: pointer; top: 27px; left: 117px;\">Enregistrer<\/span><\/p>\n","protected":false},"excerpt":{"rendered":"<p>Apr\u00e8s un master en management \u00e0 l\u2019\u00c9cole Sup\u00e9rieure de Commerce de Paris (ESCP-Europe), Gautier Boxebeld d\u00e9cide de se consacrer au th\u00e9\u00e2tre suite \u00e0 sa participation aux Rencontres Internationales de Th\u00e9\u00e2tre de Haute-Corse dirig\u00e9es par Robin Renucci. Il poursuit sa formation d&rsquo;acteur d&rsquo;abord \u00e0 l&rsquo;EDT 91 o\u00f9 il obtient un D\u00eeplome d&rsquo;\u00c9tude Th\u00e9\u00e2trale, puis au cours &hellip; <a href=\"https:\/\/ciedesogres.com\/wdp1\/gautier-boxebeld\/\" class=\"more-link\">Continuer la lecture de <span class=\"screen-reader-text\"><\/p>\n<p style=\"text-align: center;\">Gautier Boxebeld<\/p>\n<p><\/span>  <span class=\"meta-nav\">&rarr;<\/span><\/a><\/p>\n","protected":false},"author":1,"featured_media":0,"parent":0,"menu_order":0,"comment_status":"closed","ping_status":"closed","template":"","meta":{"footnotes":""},"class_list":["post-105","page","type-page","status-publish","hentry"],"_links":{"self":[{"href":"https:\/\/ciedesogres.com\/wdp1\/wp-json\/wp\/v2\/pages\/105","targetHints":{"allow":["GET"]}}],"collection":[{"href":"https:\/\/ciedesogres.com\/wdp1\/wp-json\/wp\/v2\/pages"}],"about":[{"href":"https:\/\/ciedesogres.com\/wdp1\/wp-json\/wp\/v2\/types\/page"}],"author":[{"embeddable":true,"href":"https:\/\/ciedesogres.com\/wdp1\/wp-json\/wp\/v2\/users\/1"}],"replies":[{"embeddable":true,"href":"https:\/\/ciedesogres.com\/wdp1\/wp-json\/wp\/v2\/comments?post=105"}],"version-history":[{"count":13,"href":"https:\/\/ciedesogres.com\/wdp1\/wp-json\/wp\/v2\/pages\/105\/revisions"}],"predecessor-version":[{"id":1253,"href":"https:\/\/ciedesogres.com\/wdp1\/wp-json\/wp\/v2\/pages\/105\/revisions\/1253"}],"wp:attachment":[{"href":"https:\/\/ciedesogres.com\/wdp1\/wp-json\/wp\/v2\/media?parent=105"}],"curies":[{"name":"wp","href":"https:\/\/api.w.org\/{rel}","templated":true}]}}