{"id":1048,"date":"2017-09-02T16:58:47","date_gmt":"2017-09-02T16:58:47","guid":{"rendered":"http:\/\/ciedesogres.com\/wdp1\/?page_id=1048"},"modified":"2020-06-28T14:16:24","modified_gmt":"2020-06-28T14:16:24","slug":"resume-2","status":"publish","type":"page","link":"https:\/\/ciedesogres.com\/wdp1\/resume-2\/","title":{"rendered":"PUISQU\u2019IL FAUDRA BIEN QU\u2019ON S\u2019AIME"},"content":{"rendered":"<p><strong>de <a href=\"https:\/\/ciedesogres.com\/wdp1\/yann-verburgh\/\" target=\"_blank\" rel=\"noopener\">Yann Verburgh<\/a><br \/>mis en sc\u00e8ne par <a href=\"https:\/\/ciedesogres.com\/wdp1\/eugen-jebeleanu\/\" target=\"_blank\" rel=\"noopener\">Eugen Jebeleanu<\/a><\/strong><\/p>\n<p>Rapport d\u2019enqu\u00eate<br \/>Dur\u00e9e : 55 mn, le temps d\u2019un cours au coll\u00e8ge<\/p>\n<p><img loading=\"lazy\" decoding=\"async\" class=\"aligncenter wp-image-1152 size-full\" src=\"https:\/\/ciedesogres.com\/wdp1\/wp-content\/uploads\/2017\/09\/Puisquil-faudra-bien-quon-saime-3.jpg\" alt=\"\" width=\"960\" height=\"642\" srcset=\"https:\/\/ciedesogres.com\/wdp1\/wp-content\/uploads\/2017\/09\/Puisquil-faudra-bien-quon-saime-3.jpg 960w, https:\/\/ciedesogres.com\/wdp1\/wp-content\/uploads\/2017\/09\/Puisquil-faudra-bien-quon-saime-3-300x201.jpg 300w, https:\/\/ciedesogres.com\/wdp1\/wp-content\/uploads\/2017\/09\/Puisquil-faudra-bien-quon-saime-3-768x514.jpg 768w\" sizes=\"auto, (max-width: 960px) 100vw, 960px\" \/><\/p>\n<p>Un auteur nous livre son carnet de route apr\u00e8s 3 jours d\u2019immersion dans un coll\u00e8ge, \u00e0 la rencontre des \u00e9l\u00e8ves et des salari\u00e9s de l\u2019\u00e9tablissement.<\/p>\n<p>Comment trouve-t-on sa place ? Comment l\u2019aimerait-on ? Quelles similitudes entre la salle de classe et le \u00abmonde des adultes\u00bb, dans un pays o\u00f9 la libert\u00e9 s\u2019effrite au nom de la s\u00e9curit\u00e9, o\u00f9 l\u2019ostracisme s\u2019institutionnalise au nom de l\u2019\u00e9conomie, o\u00f9 la solidarit\u00e9 semble vouloir s\u2019\u00e9crire au pass\u00e9 ? Et si l\u2019on avait le pouvoir de r\u00e9\u00e9crire les r\u00e8gles du jeu ?<\/p>\n<p>Le coll\u00e8ge G\u00e9rard Philipe (Paris 18\u00e8me), class\u00e9 REP (r\u00e9seau d\u2019\u00e9ducation prioritaire), a accueilli Yann Verburgh, en mai 2016, sur le temps du Festival les Hauts Parleurs, pour 3 jours d\u2019immersion. De la salle des profs au bureau de la proviseure, en passant par le r\u00e9fectoire, le CDI et les casiers du gymnase, le recueil des r\u00eaves, des pr\u00e9occupations et des t\u00e9moignages des \u00e9l\u00e8ves et des salari\u00e9s de l&rsquo;\u00e9tablissement sur les questions de solidarit\u00e9 et d&rsquo;exclusion, d&rsquo;amour et de violence.<\/p>\n<p><span style=\"border-radius: 2px; text-indent: 20px; width: auto; padding: 0px 4px 0px 0px; text-align: center; font: bold 11px\/20px 'Helvetica Neue',Helvetica,sans-serif; color: #ffffff; background: #bd081c  no-repeat scroll 3px 50% \/ 14px 14px; position: absolute; opacity: 1; z-index: 8675309; display: none; cursor: pointer;\">Enregistrer<\/span><\/p>\n<p><span style=\"border-radius: 2px; text-indent: 20px; width: auto; padding: 0px 4px 0px 0px; text-align: center; font: bold 11px\/20px 'Helvetica Neue',Helvetica,sans-serif; color: #ffffff; background: #bd081c  no-repeat scroll 3px 50% \/ 14px 14px; position: absolute; opacity: 1; z-index: 8675309; display: none; cursor: pointer; top: 209px; left: 20px;\">Enregistrer<\/span><\/p>\n\n\n<figure class=\"wp-block-image\"><img loading=\"lazy\" decoding=\"async\" width=\"1024\" height=\"699\" src=\"https:\/\/ciedesogres.com\/wdp1\/wp-content\/uploads\/2017\/09\/Puisquil-faudra-bien-quon-saime-2-1024x699.jpg\" alt=\"\" class=\"wp-image-1032\" srcset=\"https:\/\/ciedesogres.com\/wdp1\/wp-content\/uploads\/2017\/09\/Puisquil-faudra-bien-quon-saime-2-1024x699.jpg 1024w, https:\/\/ciedesogres.com\/wdp1\/wp-content\/uploads\/2017\/09\/Puisquil-faudra-bien-quon-saime-2-300x205.jpg 300w, https:\/\/ciedesogres.com\/wdp1\/wp-content\/uploads\/2017\/09\/Puisquil-faudra-bien-quon-saime-2-768x524.jpg 768w\" sizes=\"auto, (max-width: 1024px) 100vw, 1024px\" \/><figcaption>Puisqu&rsquo;il faudra bien qu&rsquo;on s&rsquo;aime &#8211; cr\u00e9ation au  Festival Les Hauts Parleurs &#8211; juin 2016<\/figcaption><\/figure>\n\n\n\n<p>\u00ab\u00a0La mise en sc\u00e8ne s\u2019attachera \u00e0 la  traduction des ressentis, la cr\u00e9ation d\u2019un dialogue entre l\u2019\u00e9criture de  l\u2019auteur et le jeu de l\u2019acteur, la cr\u00e9ation d\u2019un espace de r\u00e9flexion en  utilisant mots, voix, corps, images. Elle donnera vie \u00e0 une adolescence  pass\u00e9e pour ouvrir une conscience collective et rendre sensible le  pr\u00e9sent de l\u2019espace \u00ab\u00a0\u00e9cole\u00a0\u00bb. Elle placera un langage po\u00e9tique et  politique au milieu d\u2019une foule de jeunes gens en construction sans  poser d\u2019\u00e9tiquettes ni imposer le didactique. Elle superposera les  documents de l\u2019enqu\u00eate au r\u00e9el sc\u00e9nique pour faire th\u00e9\u00e2tre.\u00a0\u00bb<\/p>\n\n\n\n<p style=\"text-align:right\"> Eugen Jebeleanu <\/p>\n\n\n\n<div style=\"height:5px\" aria-hidden=\"true\" class=\"wp-block-spacer\"><\/div>\n\n\n\n<p> \u00ab 3 jours d\u2019immersion dans un coll\u00e8ge du 18e arrondissement de Paris.  Quels mots reviennent ? Quels soucis ? Quelles envies ? Quelles  pr\u00e9occupations ? Quels r\u00eaves ? Quelles peurs ? Comment parler de ce qui  nous br\u00fble ? Quels mots nous interpellent : R\u00e9volution, Libert\u00e9,  Solidarit\u00e9, Violence, Croissance, Amour, \u00c9ducation ? Duquel aura-t-on  envie de parler ? D\u2019aucun ? D\u2019un autre ? De soi ? La parole sera libre.  Le miroir se dressera entre la micro-soci\u00e9t\u00e9 de la salle de classe et la  soci\u00e9t\u00e9 dite des \u00ab\u00a0adultes\u00a0\u00bb. Quelles similitudes entre ces deux mondes  ? Mais quels espoirs aussi ? Quelles promesses d\u2019un monde dont on est  l\u2019acteur ? Autant de questions, autant de pistes qui viendront jalonner  mon parcours dans les couloirs du Coll\u00e8ge G\u00e9rard Philippe, en tendant  vers une seule intuition : Puisqu\u2019il faudra bien qu\u2019on s\u2019aime.\u00a0\u00bb <\/p>\n\n\n\n<p style=\"text-align:right\">Yann Verburgh<\/p>\n\n\n\n<figure class=\"wp-block-image\"><img loading=\"lazy\" decoding=\"async\" width=\"1024\" height=\"683\" src=\"https:\/\/ciedesogres.com\/wdp1\/wp-content\/uploads\/2017\/09\/Puisquil-faudra-bien-quon-saime-1024x683.jpg\" alt=\"\" class=\"wp-image-1030\" srcset=\"https:\/\/ciedesogres.com\/wdp1\/wp-content\/uploads\/2017\/09\/Puisquil-faudra-bien-quon-saime-1024x683.jpg 1024w, https:\/\/ciedesogres.com\/wdp1\/wp-content\/uploads\/2017\/09\/Puisquil-faudra-bien-quon-saime-300x200.jpg 300w, https:\/\/ciedesogres.com\/wdp1\/wp-content\/uploads\/2017\/09\/Puisquil-faudra-bien-quon-saime-768x512.jpg 768w\" sizes=\"auto, (max-width: 1024px) 100vw, 1024px\" \/><figcaption>Puisqu&rsquo;il faudra bien qu&rsquo;on s&rsquo;aime &#8211; cr\u00e9ation au  Festival Les Hauts Parleurs &#8211; juin 2016<\/figcaption><\/figure>\n\n\n\n<p><strong>Mise en sc\u00e8ne<\/strong> <a rel=\"noreferrer noopener\" href=\"https:\/\/ciedesogres.com\/wdp1\/eugen-jebeleanu\/\" target=\"_blank\">Eugen Jebeleanu<\/a><br><strong>Texte et jeu<\/strong> <a rel=\"noreferrer noopener\" href=\"https:\/\/ciedesogres.com\/wdp1\/yann-verburgh\/\" target=\"_blank\">Yann Verburgh<\/a><br><strong>Cr\u00e9ation sonore et r\u00e9gie<\/strong> <a rel=\"noreferrer noopener\" href=\"https:\/\/ciedesogres.com\/wdp1\/remi-billardon\/\" target=\"_blank\">R\u00e9mi Billardon<\/a><br><strong>Administration et production<\/strong> Eva Manin<\/p>\n\n\n\n<p><strong>Production<\/strong> Compagnie des Ogres<\/p>\n\n\n\n<p>Cr\u00e9\u00e9 \u00e0 l&rsquo;occasion d&rsquo;une carte blanche \u00e0 l\u2019auteur offerte par le collectif <a href=\"http:\/\/www.amotsdecouverts.fr\/\" target=\"_blank\" rel=\"noreferrer noopener\">\u00c0 Mots D\u00e9couverts <\/a>lors du Festival Les Hauts Parleurs #2, au <a href=\"http:\/\/www.legrandparquet.fr\/\" target=\"_blank\" rel=\"noreferrer noopener\">Grand Parquet<\/a> &#8211; en partenariat avec le coll\u00e8ge G\u00e9rard Philipe (Paris 18\u00e8me) et avec le soutien du collectif La Bande \u00e0 L\u00e9on.<\/p>\n\n\n\n<p><strong>Avec le soutien<\/strong> de <a rel=\"noreferrer noopener\" href=\"http:\/\/www.theatre-ouvert.com\/\" target=\"_blank\">Th\u00e9\u00e2tre Ouvert &#8211; centre national des dramaturgies contemporaines<\/a><\/p>\n\n\n\n<div class=\"cr3_sponsorwrapper\"><div class=\"threes-column\"><a href=\"http:\/\/www.theatre-ouvert.com\/\" target=\"_blank\"><div class=\"cr3_sponsor_image\"><img loading=\"lazy\" decoding=\"async\" width=\"1077\" height=\"567\" src=\"https:\/\/ciedesogres.com\/wdp1\/wp-content\/uploads\/2016\/05\/logo-THEATRE-OUVERT-CNDC.jpg\" class=\"attachment-full size-full wp-post-image\" alt=\"\" srcset=\"https:\/\/ciedesogres.com\/wdp1\/wp-content\/uploads\/2016\/05\/logo-THEATRE-OUVERT-CNDC.jpg 1077w, https:\/\/ciedesogres.com\/wdp1\/wp-content\/uploads\/2016\/05\/logo-THEATRE-OUVERT-CNDC-300x158.jpg 300w, https:\/\/ciedesogres.com\/wdp1\/wp-content\/uploads\/2016\/05\/logo-THEATRE-OUVERT-CNDC-768x404.jpg 768w, https:\/\/ciedesogres.com\/wdp1\/wp-content\/uploads\/2016\/05\/logo-THEATRE-OUVERT-CNDC-1024x539.jpg 1024w\" sizes=\"auto, (max-width: 1077px) 100vw, 1077px\" \/><\/div><\/a><\/div><div class=\"threes-column\"><a href=\"http:\/\/www.amotsdecouverts.fr\" target=\"_blank\"><div class=\"cr3_sponsor_image\"><img loading=\"lazy\" decoding=\"async\" width=\"142\" height=\"75\" src=\"https:\/\/ciedesogres.com\/wdp1\/wp-content\/uploads\/2019\/01\/A-MOTS-DECOUVERTS-logo-5-x-25.jpg\" class=\"attachment-full size-full wp-post-image\" alt=\"\" \/><\/div><\/a><\/div><\/div>\n\n\n\n<div style=\"height:10px\" aria-hidden=\"true\" class=\"wp-block-spacer\"><\/div>\n\n\n\n<h2 class=\"wp-block-heading\">DIFFUSION<\/h2>\n\n\n\n<p><strong>18 janvier 2019<\/strong>&nbsp;\u00e0 20h30 \u2013 <em>Puisqu\u2019il faudra bien qu\u2019on s\u2019aime<\/em>&nbsp;\u00e0 l\u2019<a href=\"https:\/\/www.espace-athic.com\/billetterie\/spectacles\/puisquil-faudra-bien-quon-saime\/\" target=\"_blank\" rel=\"noreferrer noopener\">Espace Athic<\/a>, Relai Culturel d\u2019Obernai<\/p>\n\n\n\n<p><strong>30 mars 2018<\/strong> \u00e0 19h \u2013 <em>Puisqu\u2019il faudra bien qu\u2019on s\u2019aime<\/em> au<a href=\"http:\/\/www.theatrelacite.com\/ogres\/\" target=\"_blank\" rel=\"noreferrer noopener\"> Th\u00e9\u00e2tre Joliette+Minoterie, Marseille, Biennale des \u00e9critures du r\u00e9el #4<\/a><\/p>\n\n\n\n<p><strong>28 septembre 2017 <\/strong>\u00e0 18h \u2013 <em>Puisqu\u2019il faudra bien qu\u2019on s\u2019aime <\/em>\u00e0 <a href=\"http:\/\/www.theatre-ouvert.com\/\" target=\"_blank\" rel=\"noreferrer noopener\">Th\u00e9\u00e2tre Ouvert<\/a>, Paris<br>\n<strong><br>\nJuin 2016<\/strong> \u2013 Cr\u00e9ation de <em>Puisque faudra bien qu\u2019on s\u2019aime<\/em>\n au Grand Parquet, lors du Festival Les Hauts Parleurs #2 organis\u00e9 par \nle collectif \u00c0 Mots D\u00e9couverts \u2013 en partenariat avec le coll\u00e8ge G\u00e9rard \nPhilipe (Paris 18\u00e8me) et avec le soutien du collectif La Bande \u00e0 L\u00e9on.<\/p>\n","protected":false},"excerpt":{"rendered":"<p>de Yann Verburghmis en sc\u00e8ne par Eugen Jebeleanu Rapport d\u2019enqu\u00eateDur\u00e9e : 55 mn, le temps d\u2019un cours au coll\u00e8ge Un auteur nous livre son carnet de route apr\u00e8s 3 jours d\u2019immersion dans un coll\u00e8ge, \u00e0 la rencontre des \u00e9l\u00e8ves et des salari\u00e9s de l\u2019\u00e9tablissement. Comment trouve-t-on sa place ? Comment l\u2019aimerait-on ? Quelles similitudes entre &hellip; <a href=\"https:\/\/ciedesogres.com\/wdp1\/cr3ativsponsor\/a-mots-decouverts\/\" class=\"more-link\">Continuer la lecture de <span class=\"screen-reader-text\">A Mots D\u00e9couverts<\/span>  <span class=\"meta-nav\">&rarr;<\/span><\/a><\/p>\n","protected":false},"author":1,"featured_media":0,"parent":0,"menu_order":0,"comment_status":"closed","ping_status":"closed","template":"","meta":{"footnotes":""},"class_list":["post-1048","page","type-page","status-publish","hentry","has-post-thumbnail"],"_links":{"self":[{"href":"https:\/\/ciedesogres.com\/wdp1\/wp-json\/wp\/v2\/pages\/1048","targetHints":{"allow":["GET"]}}],"collection":[{"href":"https:\/\/ciedesogres.com\/wdp1\/wp-json\/wp\/v2\/pages"}],"about":[{"href":"https:\/\/ciedesogres.com\/wdp1\/wp-json\/wp\/v2\/types\/page"}],"author":[{"embeddable":true,"href":"https:\/\/ciedesogres.com\/wdp1\/wp-json\/wp\/v2\/users\/1"}],"replies":[{"embeddable":true,"href":"https:\/\/ciedesogres.com\/wdp1\/wp-json\/wp\/v2\/comments?post=1048"}],"version-history":[{"count":9,"href":"https:\/\/ciedesogres.com\/wdp1\/wp-json\/wp\/v2\/pages\/1048\/revisions"}],"predecessor-version":[{"id":1853,"href":"https:\/\/ciedesogres.com\/wdp1\/wp-json\/wp\/v2\/pages\/1048\/revisions\/1853"}],"wp:attachment":[{"href":"https:\/\/ciedesogres.com\/wdp1\/wp-json\/wp\/v2\/media?parent=1048"}],"curies":[{"name":"wp","href":"https:\/\/api.w.org\/{rel}","templated":true}]}}