{"id":1029,"date":"2017-09-02T16:42:43","date_gmt":"2017-09-02T16:42:43","guid":{"rendered":"http:\/\/ciedesogres.com\/wdp1\/?page_id=1029"},"modified":"2017-09-02T17:13:34","modified_gmt":"2017-09-02T17:13:34","slug":"puisquil-faudra-bien-quon-saime","status":"publish","type":"page","link":"https:\/\/ciedesogres.com\/wdp1\/puisquil-faudra-bien-quon-saime\/","title":{"rendered":"PUISQU&rsquo;IL FAUDRA BIEN QU&rsquo;ON S&rsquo;AIME"},"content":{"rendered":"<p><span style=\"font-size: 20px;\"><strong>de <a href=\"https:\/\/ciedesogres.com\/wdp1\/yann-verburgh\/\" target=\"_blank\" rel=\"noopener\">Yann Verburgh<\/a><br \/>\n mis en sc\u00e8ne par <a href=\"https:\/\/ciedesogres.com\/wdp1\/eugen-jebeleanu\/\" target=\"_blank\" rel=\"noopener\">Eugen Jebeleanu<\/a><\/strong><\/span><\/p>\n<p> Rapport d\u2019enqu\u00eate<br \/>\n Dur\u00e9e : 55 mn, le temps d\u2019un cours au coll\u00e8ge<\/p>\n<p><img loading=\"lazy\" decoding=\"async\" class=\"aligncenter wp-image-1030 size-full\" src=\"https:\/\/ciedesogres.com\/wdp1\/wp-content\/uploads\/2017\/09\/Puisquil-faudra-bien-quon-saime.jpg\" alt=\"\" width=\"4272\" height=\"2848\" srcset=\"https:\/\/ciedesogres.com\/wdp1\/wp-content\/uploads\/2017\/09\/Puisquil-faudra-bien-quon-saime.jpg 4272w, https:\/\/ciedesogres.com\/wdp1\/wp-content\/uploads\/2017\/09\/Puisquil-faudra-bien-quon-saime-300x200.jpg 300w, https:\/\/ciedesogres.com\/wdp1\/wp-content\/uploads\/2017\/09\/Puisquil-faudra-bien-quon-saime-768x512.jpg 768w, https:\/\/ciedesogres.com\/wdp1\/wp-content\/uploads\/2017\/09\/Puisquil-faudra-bien-quon-saime-1024x683.jpg 1024w\" sizes=\"auto, (max-width: 4272px) 100vw, 4272px\" \/><\/p>\n<p style=\"text-align: justify;\">\n Un auteur nous livre son carnet de route apr\u00e8s 3 jours d\u2019immersion dans un coll\u00e8ge, \u00e0 la rencontre des \u00e9l\u00e8ves et des salari\u00e9s de l\u2019\u00e9tablissement. <\/p>\n<p> Comment trouve-t-on sa place ? Comment l\u2019aimerait-on ? Quelles similitudes entre la salle de classe et le \u00abmonde des adultes\u00bb, dans un pays o\u00f9 la libert\u00e9 s\u2019effrite au nom de la s\u00e9curit\u00e9, o\u00f9 l\u2019ostracisme s\u2019institutionnalise au nom de l\u2019\u00e9conomie, o\u00f9 la solidarit\u00e9 semble vouloir s\u2019\u00e9crire au pass\u00e9 ? Et si l\u2019on avait le pouvoir de r\u00e9\u00e9crire les r\u00e8gles du jeu ?<\/p>\n<p> Le coll\u00e8ge G\u00e9rard Philipe (Paris 18\u00e8me), class\u00e9 REP (r\u00e9seau d\u2019\u00e9ducation prioritaire), a accueilli Yann Verburgh, en mai 2016, sur le temps du Festival les Hauts Parleurs, pour 3 jours d\u2019immersion. De la salle des profs au bureau de la proviseure, en passant par le r\u00e9fectoire, le CDI et les casiers du gymnase, le recueil des r\u00eaves, des pr\u00e9occupations et des t\u00e9moignages des \u00e9l\u00e8ves et des salari\u00e9s de l&rsquo;\u00e9tablissement sur les questions de solidarit\u00e9 et d&rsquo;exclusion, d&rsquo;amour et de violence.<\/p>\n<p style=\"text-align: right;\">\u00a0<\/p>\n<p><span style=\"border-radius: 2px; text-indent: 20px; width: auto; padding: 0px 4px 0px 0px; text-align: center; font: bold 11px\/20px 'Helvetica Neue',Helvetica,sans-serif; color: #ffffff; background: #bd081c  no-repeat scroll 3px 50% \/ 14px 14px; position: absolute; opacity: 1; z-index: 8675309; display: block; cursor: pointer; top: 176px; left: 20px;\">Enregistrer<\/span><\/p>\n<p><span style=\"border-radius: 2px; text-indent: 20px; width: auto; padding: 0px 4px 0px 0px; text-align: center; font: bold 11px\/20px 'Helvetica Neue',Helvetica,sans-serif; color: #ffffff; background: #bd081c  no-repeat scroll 3px 50% \/ 14px 14px; position: absolute; opacity: 1; z-index: 8675309; display: none; cursor: pointer; top: 1068px; left: 20px;\">Enregistrer<\/span><\/p>\n<p><span style=\"border-radius: 2px; text-indent: 20px; width: auto; padding: 0px 4px 0px 0px; text-align: center; font: bold 11px\/20px 'Helvetica Neue',Helvetica,sans-serif; color: #ffffff; background: #bd081c  no-repeat scroll 3px 50% \/ 14px 14px; position: absolute; opacity: 1; z-index: 8675309; display: none; cursor: pointer;\">Enregistrer<\/span><\/p>\n<p><span style=\"border-radius: 2px; text-indent: 20px; width: auto; padding: 0px 4px 0px 0px; text-align: center; font: bold 11px\/20px 'Helvetica Neue',Helvetica,sans-serif; color: #ffffff; background: #bd081c  no-repeat scroll 3px 50% \/ 14px 14px; position: absolute; opacity: 1; z-index: 8675309; display: none; cursor: pointer; top: 152px; left: 20px;\">Enregistrer<\/span><\/p>\n<p><span style=\"border-radius: 2px; text-indent: 20px; width: auto; padding: 0px 4px 0px 0px; text-align: center; font: bold 11px\/20px 'Helvetica Neue',Helvetica,sans-serif; color: #ffffff; background: #bd081c  no-repeat scroll 3px 50% \/ 14px 14px; position: absolute; opacity: 1; z-index: 8675309; display: none; cursor: pointer; top: 1068px; left: 20px;\">Enregistrer<\/span><\/p>\n<p><span style=\"border-radius: 2px; text-indent: 20px; width: auto; padding: 0px 4px 0px 0px; text-align: center; font: bold 11px\/20px 'Helvetica Neue',Helvetica,sans-serif; color: #ffffff; background: #bd081c  no-repeat scroll 3px 50% \/ 14px 14px; position: absolute; opacity: 1; z-index: 8675309; display: none; cursor: pointer;\">Enregistrer<\/span><\/p>\n","protected":false},"excerpt":{"rendered":"<p>de Yann Verburgh mis en sc\u00e8ne par Eugen Jebeleanu Rapport d\u2019enqu\u00eate Dur\u00e9e : 55 mn, le temps d\u2019un cours au coll\u00e8ge Un auteur nous livre son carnet de route apr\u00e8s 3 jours d\u2019immersion dans un coll\u00e8ge, \u00e0 la rencontre des \u00e9l\u00e8ves et des salari\u00e9s de l\u2019\u00e9tablissement. Comment trouve-t-on sa place ? Comment l\u2019aimerait-on ? Quelles &hellip; <a href=\"https:\/\/ciedesogres.com\/wdp1\/puisquil-faudra-bien-quon-saime\/\" class=\"more-link\">Continuer la lecture de <span class=\"screen-reader-text\">PUISQU&rsquo;IL FAUDRA BIEN QU&rsquo;ON S&rsquo;AIME<\/span>  <span class=\"meta-nav\">&rarr;<\/span><\/a><\/p>\n","protected":false},"author":1,"featured_media":0,"parent":0,"menu_order":0,"comment_status":"closed","ping_status":"closed","template":"","meta":{"footnotes":""},"class_list":["post-1029","page","type-page","status-publish","hentry"],"_links":{"self":[{"href":"https:\/\/ciedesogres.com\/wdp1\/wp-json\/wp\/v2\/pages\/1029","targetHints":{"allow":["GET"]}}],"collection":[{"href":"https:\/\/ciedesogres.com\/wdp1\/wp-json\/wp\/v2\/pages"}],"about":[{"href":"https:\/\/ciedesogres.com\/wdp1\/wp-json\/wp\/v2\/types\/page"}],"author":[{"embeddable":true,"href":"https:\/\/ciedesogres.com\/wdp1\/wp-json\/wp\/v2\/users\/1"}],"replies":[{"embeddable":true,"href":"https:\/\/ciedesogres.com\/wdp1\/wp-json\/wp\/v2\/comments?post=1029"}],"version-history":[{"count":8,"href":"https:\/\/ciedesogres.com\/wdp1\/wp-json\/wp\/v2\/pages\/1029\/revisions"}],"predecessor-version":[{"id":1067,"href":"https:\/\/ciedesogres.com\/wdp1\/wp-json\/wp\/v2\/pages\/1029\/revisions\/1067"}],"wp:attachment":[{"href":"https:\/\/ciedesogres.com\/wdp1\/wp-json\/wp\/v2\/media?parent=1029"}],"curies":[{"name":"wp","href":"https:\/\/api.w.org\/{rel}","templated":true}]}}